{"id":2178,"date":"2022-08-10T13:36:49","date_gmt":"2022-08-10T11:36:49","guid":{"rendered":"http:\/\/www.emshi.gob.es\/?page_id=2178"},"modified":"2026-01-19T12:35:17","modified_gmt":"2026-01-19T11:35:17","slug":"composicion-asamblea","status":"publish","type":"page","link":"https:\/\/www.emshi.gob.es\/ca\/quienes-somos\/organizacion\/organos-del-gobierno\/composicion-asamblea\/","title":{"rendered":"Composici\u00f3 Assemblea"},"content":{"rendered":"<div data-elementor-type=\"wp-page\" data-elementor-id=\"2178\" class=\"elementor elementor-2178\">\n\t\t\t\t\t\t<section class=\"elementor-section elementor-top-section elementor-element elementor-element-7ab9d3c elementor-section-boxed elementor-section-height-default elementor-section-height-default\" data-id=\"7ab9d3c\" data-element_type=\"section\" data-settings=\"{&quot;background_background&quot;:&quot;classic&quot;}\">\n\t\t\t\t\t\t<div class=\"elementor-container elementor-column-gap-default\">\n\t\t\t\t\t<div class=\"elementor-column elementor-col-100 elementor-top-column elementor-element elementor-element-ae006b7\" data-id=\"ae006b7\" data-element_type=\"column\">\n\t\t\t<div class=\"elementor-widget-wrap elementor-element-populated\">\n\t\t\t\t\t\t<div class=\"elementor-element elementor-element-0fc7512 elementor-widget elementor-widget-spacer\" data-id=\"0fc7512\" data-element_type=\"widget\" data-widget_type=\"spacer.default\">\n\t\t\t\t<div class=\"elementor-widget-container\">\n\t\t\t<style>\/*! elementor - v3.21.0 - 08-05-2024 *\/\n.elementor-column .elementor-spacer-inner{height:var(--spacer-size)}.e-con{--container-widget-width:100%}.e-con-inner>.elementor-widget-spacer,.e-con>.elementor-widget-spacer{width:var(--container-widget-width,var(--spacer-size));--align-self:var(--container-widget-align-self,initial);--flex-shrink:0}.e-con-inner>.elementor-widget-spacer>.elementor-widget-container,.e-con>.elementor-widget-spacer>.elementor-widget-container{height:100%;width:100%}.e-con-inner>.elementor-widget-spacer>.elementor-widget-container>.elementor-spacer,.e-con>.elementor-widget-spacer>.elementor-widget-container>.elementor-spacer{height:100%}.e-con-inner>.elementor-widget-spacer>.elementor-widget-container>.elementor-spacer>.elementor-spacer-inner,.e-con>.elementor-widget-spacer>.elementor-widget-container>.elementor-spacer>.elementor-spacer-inner{height:var(--container-widget-height,var(--spacer-size))}.e-con-inner>.elementor-widget-spacer.elementor-widget-empty,.e-con>.elementor-widget-spacer.elementor-widget-empty{position:relative;min-height:22px;min-width:22px}.e-con-inner>.elementor-widget-spacer.elementor-widget-empty .elementor-widget-empty-icon,.e-con>.elementor-widget-spacer.elementor-widget-empty .elementor-widget-empty-icon{position:absolute;top:0;bottom:0;left:0;right:0;margin:auto;padding:0;width:22px;height:22px}<\/style>\t\t<div class=\"elementor-spacer\">\n\t\t\t<div class=\"elementor-spacer-inner\"><\/div>\n\t\t<\/div>\n\t\t\t\t<\/div>\n\t\t\t\t<\/div>\n\t\t\t\t<div class=\"elementor-element elementor-element-a6a09db elementor-widget elementor-widget-heading\" data-id=\"a6a09db\" data-element_type=\"widget\" data-widget_type=\"heading.default\">\n\t\t\t\t<div class=\"elementor-widget-container\">\n\t\t\t<style>\/*! elementor - v3.21.0 - 08-05-2024 *\/\n.elementor-heading-title{padding:0;margin:0;line-height:1}.elementor-widget-heading .elementor-heading-title[class*=elementor-size-]>a{color:inherit;font-size:inherit;line-height:inherit}.elementor-widget-heading .elementor-heading-title.elementor-size-small{font-size:15px}.elementor-widget-heading .elementor-heading-title.elementor-size-medium{font-size:19px}.elementor-widget-heading .elementor-heading-title.elementor-size-large{font-size:29px}.elementor-widget-heading .elementor-heading-title.elementor-size-xl{font-size:39px}.elementor-widget-heading .elementor-heading-title.elementor-size-xxl{font-size:59px}<\/style><h1 class=\"elementor-heading-title elementor-size-default\">Assemblea<\/h1>\t\t<\/div>\n\t\t\t\t<\/div>\n\t\t\t\t<div class=\"elementor-element elementor-element-bc6943a elementor-widget elementor-widget-spacer\" data-id=\"bc6943a\" data-element_type=\"widget\" data-widget_type=\"spacer.default\">\n\t\t\t\t<div class=\"elementor-widget-container\">\n\t\t\t\t\t<div class=\"elementor-spacer\">\n\t\t\t<div class=\"elementor-spacer-inner\"><\/div>\n\t\t<\/div>\n\t\t\t\t<\/div>\n\t\t\t\t<\/div>\n\t\t\t\t\t<\/div>\n\t\t<\/div>\n\t\t\t\t\t<\/div>\n\t\t<\/section>\n\t\t\t\t<section class=\"elementor-section elementor-top-section elementor-element elementor-element-a330abb elementor-section-boxed elementor-section-height-default elementor-section-height-default\" data-id=\"a330abb\" data-element_type=\"section\">\n\t\t\t\t\t\t<div class=\"elementor-container elementor-column-gap-default\">\n\t\t\t\t\t<div class=\"elementor-column elementor-col-100 elementor-top-column elementor-element elementor-element-cada49f\" data-id=\"cada49f\" data-element_type=\"column\">\n\t\t\t<div class=\"elementor-widget-wrap elementor-element-populated\">\n\t\t\t\t\t\t<div class=\"elementor-element elementor-element-3b30930 elementor-widget elementor-widget-spacer\" data-id=\"3b30930\" data-element_type=\"widget\" data-widget_type=\"spacer.default\">\n\t\t\t\t<div class=\"elementor-widget-container\">\n\t\t\t\t\t<div class=\"elementor-spacer\">\n\t\t\t<div class=\"elementor-spacer-inner\"><\/div>\n\t\t<\/div>\n\t\t\t\t<\/div>\n\t\t\t\t<\/div>\n\t\t\t\t<div class=\"elementor-element elementor-element-7ec0352 elementor-widget elementor-widget-heading\" data-id=\"7ec0352\" data-element_type=\"widget\" data-widget_type=\"heading.default\">\n\t\t\t\t<div class=\"elementor-widget-container\">\n\t\t\t<h3 class=\"elementor-heading-title elementor-size-default\">Composici\u00f3n de la Asamblea 2023 - 2027 <\/h3>\t\t<\/div>\n\t\t\t\t<\/div>\n\t\t\t\t\t<\/div>\n\t\t<\/div>\n\t\t\t\t\t<\/div>\n\t\t<\/section>\n\t\t\t\t<section class=\"elementor-section elementor-top-section elementor-element elementor-element-83038c7 elementor-section-boxed elementor-section-height-default elementor-section-height-default\" data-id=\"83038c7\" data-element_type=\"section\">\n\t\t\t\t\t\t<div class=\"elementor-container elementor-column-gap-default\">\n\t\t\t\t\t<div class=\"elementor-column elementor-col-100 elementor-top-column elementor-element elementor-element-e8252dd\" data-id=\"e8252dd\" data-element_type=\"column\">\n\t\t\t<div class=\"elementor-widget-wrap elementor-element-populated\">\n\t\t\t\t\t\t<div class=\"elementor-element elementor-element-0aaa7fd elementor-widget elementor-widget-eael-advanced-data-table\" data-id=\"0aaa7fd\" data-element_type=\"widget\" data-widget_type=\"eael-advanced-data-table.default\">\n\t\t\t\t<div class=\"elementor-widget-container\">\n\t\t\t<div class=\"ea-advanced-data-table-wrap\" data-id=\"0aaa7fd\"><div class=\"ea-advanced-data-table-search-wrap ea-advanced-data-table-search-right\"><input type=\"search\" placeholder=\"Cercar\" class=\"ea-advanced-data-table-search\"><\/div><div class=\"ea-advanced-data-table-wrap-inner\">\n                <table class=\"ea-advanced-data-table ea-advanced-data-table-static ea-advanced-data-table-0aaa7fd ea-advanced-data-table-sortable ea-advanced-data-table-searchable\" data-id=\"0aaa7fd\"><thead><tr><th>Municipi<\/th><th>Vots<\/th><th>Titular<\/th><th><p>Grup Pol\u00edtic en EMSHI<\/p><\/th><\/tr><\/thead><tbody><tr><td>Alaqu\u00e0s<\/td><td>3<\/td><td>Antonio Saura Mart\u00edn<\/td><td>PSPV-PSOE<\/td><\/tr><tr><td>Albal<\/td><td>2<\/td><td>Valero Eustaquio Juan<\/td><td>PP<\/td><\/tr><tr><td>Albalat dels sorells<\/td><td>1<\/td><td>Ra\u00fal Moy\u00e1 Largo<\/td><td>PSPV-PSOE<\/td><\/tr><tr><td>Alboraya<\/td><td>3<\/td><td>Manuel Jos\u00e9 Ma\u00f1ez Esteve<\/td><td>PP<\/td><\/tr><tr><td>Albuixech<\/td><td>1<\/td><td><p>Rafael Soriano Guillen<\/p><\/td><td>COMPROMIS<\/td><\/tr><tr><td>Alc\u00e0sser<\/td><td>2<\/td><td>Alberto Miguel Primo Ll\u00e1cer<\/td><td>PP<\/td><\/tr><tr><td>Aldaia<\/td><td>4<\/td><td>Guillermo Luj\u00e1n Valero<\/td><td>PSPV-PSOE<\/td><\/tr><tr><td>Alfafar<\/td><td>3<\/td><td>Encarna Mu\u00f1oz Pons<\/td><td>PP<\/td><\/tr><tr><td>Alfara del Patriarca<\/td><td>1<\/td><td><p>Inmaculada Beltr\u00e1n Andr\u00e9s<\/p><\/td><td><p>PSPV-PSOE<\/p><\/td><\/tr><tr><td>Alm\u00e0ssera<\/td><td>1<\/td><td>Emilio Jos\u00e9 Belencoso Rodrigo<\/td><td>PP<\/td><\/tr><tr><td>Benet\u00fasser<\/td><td>2<\/td><td>Eva Sanz Portero<\/td><td>PSPV-PSOE<\/td><\/tr><tr><td>Beniparrell<\/td><td>1<\/td><td>Ana Gim\u00e9nez Piquer<\/td><td>COMPROMIS<\/td><\/tr><tr><td>B\u00e9tera<\/td><td>3<\/td><td>M\u00aa Elia Verdev\u00edo Escrib\u00e1<\/td><td>PP<\/td><\/tr><tr><td>Bonrep\u00f3s i Mirambell<\/td><td>1<\/td><td>Raquel Ramiro Pizarroso<\/td><td>PSPV-PSOE<\/td><\/tr><tr><td>Burjassot<\/td><td>4<\/td><td>Rafael Garc\u00eda Garc\u00eda<\/td><td>PSPV-PSOE<\/td><\/tr><tr><td>Catarroja<\/td><td>3<\/td><td>Marta Gald\u00f3n G\u00f3mez<\/td><td>PSPV-PSOE<\/td><\/tr><tr><td>El Puig de Santa Mar\u00eda<\/td><td>1<\/td><td>Vicente Porta Carreres<\/td><td>COMPROMIS<\/td><\/tr><tr><td>Emperador<\/td><td>1<\/td><td>Alberto Bayarri Remol\u00ed<\/td><td>PP<\/td><\/tr><tr><td>Foios<\/td><td>1<\/td><td>Juan Jos\u00e9 Civera Bendicho<\/td><td>PSPV-PSOE<\/td><\/tr><tr><td>Godella<\/td><td>2<\/td><td>Jos\u00e9 Mar\u00eda Musoles Granada<\/td><td>PP<\/td><\/tr><tr><td>La Pobla de Farnals<\/td><td>1<\/td><td>M\u00aa Dolors Fontestad Tortosa<\/td><td>PSPV-PSOE<\/td><\/tr><tr><td>Llocnou de la Corona<\/td><td>1<\/td><td>Rub\u00e9n Molina Fern\u00e1ndez<\/td><td>PP<\/td><\/tr><tr><td>Manises<\/td><td>4<\/td><td>Jes\u00fas Borr\u00e0s i Sanchis<\/td><td>COMPROMIS<\/td><\/tr><tr><td>Massalfassar<\/td><td>1<\/td><td>Empar Duet Castell\u00f3<\/td><td>COMPROMIS<\/td><\/tr><tr><td>Massamagrell<\/td><td>2<\/td><td>Jos\u00e9 Manuel Palanca Navarro<\/td><td>VOX<\/td><\/tr><tr><td>Massanassa<\/td><td>1<\/td><td>Francisco A. Comes Monmeneu<\/td><td>PP<\/td><\/tr><tr><td>Meliana<\/td><td>2<\/td><td>Trinidad Monta\u00f1ana Traver<\/td><td>PP<\/td><\/tr><tr><td>Mislata<\/td><td>5<\/td><td>M\u00aa Luisa Mart\u00ednez Mora<\/td><td>PSPV-PSOE<\/td><\/tr><tr><td>Moncada<\/td><td>3<\/td><td>Amparo Orts Albiach<\/td><td>PSPV-PSOE<\/td><\/tr><tr><td>Montroi<\/td><td>1<\/td><td>Mauricio Josu\u00e9 Dur\u00e1n Morales<\/td><td><p>MIXTO<\/p><\/td><\/tr><tr><td>Montserrat<\/td><td>1<\/td><td><p>Sergio Vilar Campos<\/p><\/td><td><p>PP<\/p><\/td><\/tr><tr><td>Museros<\/td><td>1<\/td><td>Vicent P\u00e9rez i Costa<\/td><td>PSPV-PSOE<\/td><\/tr><tr><td>Paiporta<\/td><td>3<\/td><td><p>Olga Sandr\u00f3s Torregrosa<\/p><\/td><td>COMPROMIS<\/td><\/tr><tr><td>Paterna<\/td><td>8<\/td><td>Juan Antonio Sagredo Marco<\/td><td>PSPV-PSOE<\/td><\/tr><tr><td>Picanya<\/td><td>2<\/td><td>Josep Almenar i Navarro<\/td><td>PSPV-PSOE<\/td><\/tr><tr><td>Picassent<\/td><td>3<\/td><td>Conxa Garc\u00eda Ferrer<\/td><td>PSPV-PSOE<\/td><\/tr><tr><td>Pu\u00e7ol<\/td><td>3<\/td><td>M\u00aa Elena Camarero Ben\u00edtez<\/td><td>PP<\/td><\/tr><tr><td>Quart de Poblet<\/td><td>3<\/td><td>Cristina Mora Lujan<\/td><td>PSPV-PSOE<\/td><\/tr><tr><td>Rafelbunyol<\/td><td>1<\/td><td>Rosa Azor Lozano<\/td><td>PSPV-PSOE<\/td><\/tr><tr><td>Real<\/td><td>1<\/td><td>M\u00aa Dolores L\u00f3pez Garrig\u00f3s<\/td><td>PSPV-PSOE<\/td><\/tr><tr><td>Rocafort<\/td><td>1<\/td><td>Susana Mart\u00ednez Hern\u00e1ndez<\/td><td>PP<\/td><\/tr><tr><td>San Antonio de Benag\u00e9ber<\/td><td>1<\/td><td><p>Enrique Daniel Santafosta Giner<\/p><\/td><td>PP<\/td><\/tr><tr><td>Sedav\u00ed<\/td><td>2<\/td><td>Jos\u00e9 Francisco Cabanes Alonso<\/td><td>PSPV-PSOE<\/td><\/tr><tr><td>Silla<\/td><td>2<\/td><td>Vicente Zaragoz\u00e1 Alberola<\/td><td>PSPV-PSOE<\/td><\/tr><tr><td>Tavernes Blanques<\/td><td>1<\/td><td>Arturo Ros Ribes<\/td><td>PP<\/td><\/tr><tr><td>Torrent<\/td><td>9<\/td><td>Amparo Folgado Tonda<\/td><td>PP<\/td><\/tr><tr><td>Val\u00e8ncia<\/td><td>80<\/td><td>Carlos Mundina G\u00f3mez<\/td><td>PP<\/td><\/tr><tr><td>Vinalesa<\/td><td>1<\/td><td>Francisco Javier Puchol Ruiz<\/td><td>PSPV-PSOE<\/td><\/tr><tr><td>Xirivella<\/td><td>4<\/td><td>Paqui Bartual Bermell<\/td><td>PP<\/td><\/tr><\/tbody><\/table>\n            <\/div><\/div>\t\t<\/div>\n\t\t\t\t<\/div>\n\t\t\t\t<div class=\"elementor-element elementor-element-aa59676 elementor-widget elementor-widget-spacer\" data-id=\"aa59676\" data-element_type=\"widget\" data-widget_type=\"spacer.default\">\n\t\t\t\t<div class=\"elementor-widget-container\">\n\t\t\t\t\t<div class=\"elementor-spacer\">\n\t\t\t<div class=\"elementor-spacer-inner\"><\/div>\n\t\t<\/div>\n\t\t\t\t<\/div>\n\t\t\t\t<\/div>\n\t\t\t\t\t<\/div>\n\t\t<\/div>\n\t\t\t\t\t<\/div>\n\t\t<\/section>\n\t\t\t\t<\/div>","protected":false},"excerpt":{"rendered":"<p>Asamblea Composici\u00f3n de la Asamblea 2023 &#8211; 2027 Municipio Votos Titular Grupo Pol\u00edtico en EMSHI Alaqu\u00e0s 3 Antonio Saura Mart\u00edn PSPV-PSOE Albal 2 Valero Eustaquio Juan PP Albalat dels sorells 1 Ra\u00fal Moy\u00e1 Largo PSPV-PSOE Alboraya 3 Manuel Jos\u00e9 Ma\u00f1ez Esteve PP Albuixech 1 Rafael Soriano Guillen COMPROMIS Alc\u00e0sser 2 Alberto Miguel Primo Ll\u00e1cer PP [&hellip;]<\/p>","protected":false},"author":20,"featured_media":0,"parent":7070,"menu_order":0,"comment_status":"closed","ping_status":"closed","template":"","meta":{"_monsterinsights_skip_tracking":false,"_monsterinsights_sitenote_active":false,"_monsterinsights_sitenote_note":"","_monsterinsights_sitenote_category":0,"site-sidebar-layout":"no-sidebar","site-content-layout":"page-builder","ast-site-content-layout":"default","site-content-style":"default","site-sidebar-style":"default","ast-global-header-display":"","ast-banner-title-visibility":"","ast-main-header-display":"","ast-hfb-above-header-display":"","ast-hfb-below-header-display":"","ast-hfb-mobile-header-display":"","site-post-title":"disabled","ast-breadcrumbs-content":"","ast-featured-img":"disabled","footer-sml-layout":"","ast-disable-related-posts":"","theme-transparent-header-meta":"","adv-header-id-meta":"","stick-header-meta":"","header-above-stick-meta":"","header-main-stick-meta":"","header-below-stick-meta":"","astra-migrate-meta-layouts":"default","ast-page-background-enabled":"default","ast-page-background-meta":{"desktop":{"background-color":"var(--ast-global-color-4)","background-image":"","background-repeat":"repeat","background-position":"center center","background-size":"auto","background-attachment":"scroll","background-type":"","background-media":"","overlay-type":"","overlay-color":"","overlay-opacity":"","overlay-gradient":""},"tablet":{"background-color":"","background-image":"","background-repeat":"repeat","background-position":"center center","background-size":"auto","background-attachment":"scroll","background-type":"","background-media":"","overlay-type":"","overlay-color":"","overlay-opacity":"","overlay-gradient":""},"mobile":{"background-color":"","background-image":"","background-repeat":"repeat","background-position":"center center","background-size":"auto","background-attachment":"scroll","background-type":"","background-media":"","overlay-type":"","overlay-color":"","overlay-opacity":"","overlay-gradient":""}},"ast-content-background-meta":{"desktop":{"background-color":"var(--ast-global-color-5)","background-image":"","background-repeat":"repeat","background-position":"center center","background-size":"auto","background-attachment":"scroll","background-type":"","background-media":"","overlay-type":"","overlay-color":"","overlay-opacity":"","overlay-gradient":""},"tablet":{"background-color":"var(--ast-global-color-5)","background-image":"","background-repeat":"repeat","background-position":"center center","background-size":"auto","background-attachment":"scroll","background-type":"","background-media":"","overlay-type":"","overlay-color":"","overlay-opacity":"","overlay-gradient":""},"mobile":{"background-color":"var(--ast-global-color-5)","background-image":"","background-repeat":"repeat","background-position":"center center","background-size":"auto","background-attachment":"scroll","background-type":"","background-media":"","overlay-type":"","overlay-color":"","overlay-opacity":"","overlay-gradient":""}},"footnotes":""},"coauthors":[54,53,64,65],"yoast_head":"<!-- This site is optimized with the Yoast SEO plugin v21.8 - https:\/\/yoast.com\/wordpress\/plugins\/seo\/ -->\n<title>Composici\u00f3n Asamblea - EMSHI<\/title>\n<meta name=\"robots\" content=\"index, follow, max-snippet:-1, max-image-preview:large, max-video-preview:-1\" \/>\n<link rel=\"canonical\" href=\"https:\/\/www.emshi.gob.es\/ca\/quienes-somos\/organizacion\/organos-del-gobierno\/composicion-asamblea\/\" \/>\n<meta property=\"og:locale\" content=\"ca_ES\" \/>\n<meta property=\"og:type\" content=\"article\" \/>\n<meta property=\"og:title\" content=\"Composici\u00f3n Asamblea - EMSHI\" \/>\n<meta property=\"og:description\" content=\"Asamblea Composici\u00f3n de la Asamblea 2023 &#8211; 2027 Municipio Votos Titular Grupo Pol\u00edtico en EMSHI Alaqu\u00e0s 3 Antonio Saura Mart\u00edn PSPV-PSOE Albal 2 Valero Eustaquio Juan PP Albalat dels sorells 1 Ra\u00fal Moy\u00e1 Largo PSPV-PSOE Alboraya 3 Manuel Jos\u00e9 Ma\u00f1ez Esteve PP Albuixech 1 Rafael Soriano Guillen COMPROMIS Alc\u00e0sser 2 Alberto Miguel Primo Ll\u00e1cer PP [&hellip;]\" \/>\n<meta property=\"og:url\" content=\"https:\/\/www.emshi.gob.es\/ca\/quienes-somos\/organizacion\/organos-del-gobierno\/composicion-asamblea\/\" \/>\n<meta property=\"og:site_name\" content=\"EMSHI\" \/>\n<meta property=\"article:modified_time\" content=\"2026-01-19T11:35:17+00:00\" \/>\n<meta name=\"twitter:card\" content=\"summary_large_image\" \/>\n<meta name=\"twitter:label1\" content=\"Temps estimat de lectura\" \/>\n\t<meta name=\"twitter:data1\" content=\"2 minuts\" \/>\n\t<meta name=\"twitter:label2\" content=\"Written by\" \/>\n\t<meta name=\"twitter:data2\" content=\"Irene L\u00f3pez Barroso, Juana Chiner Belenguer, TechScribeOdec, Esperanza Franco\" \/>\n<script type=\"application\/ld+json\" class=\"yoast-schema-graph\">{\"@context\":\"https:\/\/schema.org\",\"@graph\":[{\"@type\":\"WebPage\",\"@id\":\"https:\/\/www.emshi.gob.es\/quienes-somos\/organizacion\/organos-del-gobierno\/composicion-asamblea\/\",\"url\":\"https:\/\/www.emshi.gob.es\/quienes-somos\/organizacion\/organos-del-gobierno\/composicion-asamblea\/\",\"name\":\"Composici\u00f3n Asamblea - EMSHI\",\"isPartOf\":{\"@id\":\"https:\/\/www.emshi.gob.es\/#website\"},\"datePublished\":\"2022-08-10T11:36:49+00:00\",\"dateModified\":\"2026-01-19T11:35:17+00:00\",\"breadcrumb\":{\"@id\":\"https:\/\/www.emshi.gob.es\/quienes-somos\/organizacion\/organos-del-gobierno\/composicion-asamblea\/#breadcrumb\"},\"inLanguage\":\"ca\",\"potentialAction\":[{\"@type\":\"ReadAction\",\"target\":[\"https:\/\/www.emshi.gob.es\/quienes-somos\/organizacion\/organos-del-gobierno\/composicion-asamblea\/\"]}]},{\"@type\":\"BreadcrumbList\",\"@id\":\"https:\/\/www.emshi.gob.es\/quienes-somos\/organizacion\/organos-del-gobierno\/composicion-asamblea\/#breadcrumb\",\"itemListElement\":[{\"@type\":\"ListItem\",\"position\":1,\"name\":\"Home\",\"item\":\"https:\/\/www.emshi.gob.es\/\"},{\"@type\":\"ListItem\",\"position\":2,\"name\":\"Qui\u00e9nes Somos\",\"item\":\"https:\/\/www.emshi.gob.es\/quienes-somos\/\"},{\"@type\":\"ListItem\",\"position\":3,\"name\":\"Organizaci\u00f3n\",\"item\":\"https:\/\/www.emshi.gob.es\/quienes-somos\/organizacion\/\"},{\"@type\":\"ListItem\",\"position\":4,\"name\":\"\u00d3rganos del gobierno\",\"item\":\"https:\/\/www.emshi.gob.es\/quienes-somos\/organizacion\/organos-del-gobierno\/\"},{\"@type\":\"ListItem\",\"position\":5,\"name\":\"Composici\u00f3n Asamblea\"}]},{\"@type\":\"WebSite\",\"@id\":\"https:\/\/www.emshi.gob.es\/#website\",\"url\":\"https:\/\/www.emshi.gob.es\/\",\"name\":\"EMSHI\",\"description\":\"\",\"publisher\":{\"@id\":\"https:\/\/www.emshi.gob.es\/#organization\"},\"potentialAction\":[{\"@type\":\"SearchAction\",\"target\":{\"@type\":\"EntryPoint\",\"urlTemplate\":\"https:\/\/www.emshi.gob.es\/?s={search_term_string}\"},\"query-input\":\"required name=search_term_string\"}],\"inLanguage\":\"ca\"},{\"@type\":\"Organization\",\"@id\":\"https:\/\/www.emshi.gob.es\/#organization\",\"name\":\"EMSHI\",\"url\":\"https:\/\/www.emshi.gob.es\/\",\"logo\":{\"@type\":\"ImageObject\",\"inLanguage\":\"ca\",\"@id\":\"https:\/\/www.emshi.gob.es\/#\/schema\/logo\/image\/\",\"url\":\"https:\/\/www.emshi.gob.es\/wp-content\/uploads\/2022\/11\/cropped-EMSHI_VersionEspecial_RGB_CAS.png\",\"contentUrl\":\"https:\/\/www.emshi.gob.es\/wp-content\/uploads\/2022\/11\/cropped-EMSHI_VersionEspecial_RGB_CAS.png\",\"width\":1966,\"height\":449,\"caption\":\"EMSHI\"},\"image\":{\"@id\":\"https:\/\/www.emshi.gob.es\/#\/schema\/logo\/image\/\"}}]}<\/script>\n<!-- \/ Yoast SEO plugin. -->","yoast_head_json":{"title":"Composici\u00f3n Asamblea - EMSHI","robots":{"index":"index","follow":"follow","max-snippet":"max-snippet:-1","max-image-preview":"max-image-preview:large","max-video-preview":"max-video-preview:-1"},"canonical":"https:\/\/www.emshi.gob.es\/ca\/quienes-somos\/organizacion\/organos-del-gobierno\/composicion-asamblea\/","og_locale":"ca_ES","og_type":"article","og_title":"Composici\u00f3n Asamblea - EMSHI","og_description":"Asamblea Composici\u00f3n de la Asamblea 2023 &#8211; 2027 Municipio Votos Titular Grupo Pol\u00edtico en EMSHI Alaqu\u00e0s 3 Antonio Saura Mart\u00edn PSPV-PSOE Albal 2 Valero Eustaquio Juan PP Albalat dels sorells 1 Ra\u00fal Moy\u00e1 Largo PSPV-PSOE Alboraya 3 Manuel Jos\u00e9 Ma\u00f1ez Esteve PP Albuixech 1 Rafael Soriano Guillen COMPROMIS Alc\u00e0sser 2 Alberto Miguel Primo Ll\u00e1cer PP [&hellip;]","og_url":"https:\/\/www.emshi.gob.es\/ca\/quienes-somos\/organizacion\/organos-del-gobierno\/composicion-asamblea\/","og_site_name":"EMSHI","article_modified_time":"2026-01-19T11:35:17+00:00","twitter_card":"summary_large_image","twitter_misc":{"Temps estimat de lectura":"2 minuts","Written by":"Irene L\u00f3pez Barroso, Juana Chiner Belenguer, TechScribeOdec, Esperanza Franco"},"schema":{"@context":"https:\/\/schema.org","@graph":[{"@type":"WebPage","@id":"https:\/\/www.emshi.gob.es\/quienes-somos\/organizacion\/organos-del-gobierno\/composicion-asamblea\/","url":"https:\/\/www.emshi.gob.es\/quienes-somos\/organizacion\/organos-del-gobierno\/composicion-asamblea\/","name":"Composici\u00f3n Asamblea - EMSHI","isPartOf":{"@id":"https:\/\/www.emshi.gob.es\/#website"},"datePublished":"2022-08-10T11:36:49+00:00","dateModified":"2026-01-19T11:35:17+00:00","breadcrumb":{"@id":"https:\/\/www.emshi.gob.es\/quienes-somos\/organizacion\/organos-del-gobierno\/composicion-asamblea\/#breadcrumb"},"inLanguage":"ca","potentialAction":[{"@type":"ReadAction","target":["https:\/\/www.emshi.gob.es\/quienes-somos\/organizacion\/organos-del-gobierno\/composicion-asamblea\/"]}]},{"@type":"BreadcrumbList","@id":"https:\/\/www.emshi.gob.es\/quienes-somos\/organizacion\/organos-del-gobierno\/composicion-asamblea\/#breadcrumb","itemListElement":[{"@type":"ListItem","position":1,"name":"Home","item":"https:\/\/www.emshi.gob.es\/"},{"@type":"ListItem","position":2,"name":"Qui\u00e9nes Somos","item":"https:\/\/www.emshi.gob.es\/quienes-somos\/"},{"@type":"ListItem","position":3,"name":"Organizaci\u00f3n","item":"https:\/\/www.emshi.gob.es\/quienes-somos\/organizacion\/"},{"@type":"ListItem","position":4,"name":"\u00d3rganos del gobierno","item":"https:\/\/www.emshi.gob.es\/quienes-somos\/organizacion\/organos-del-gobierno\/"},{"@type":"ListItem","position":5,"name":"Composici\u00f3n Asamblea"}]},{"@type":"WebSite","@id":"https:\/\/www.emshi.gob.es\/#website","url":"https:\/\/www.emshi.gob.es\/","name":"L'EMSHI","description":"","publisher":{"@id":"https:\/\/www.emshi.gob.es\/#organization"},"potentialAction":[{"@type":"SearchAction","target":{"@type":"EntryPoint","urlTemplate":"https:\/\/www.emshi.gob.es\/?s={search_term_string}"},"query-input":"required name=search_term_string"}],"inLanguage":"ca"},{"@type":"Organization","@id":"https:\/\/www.emshi.gob.es\/#organization","name":"L'EMSHI","url":"https:\/\/www.emshi.gob.es\/","logo":{"@type":"ImageObject","inLanguage":"ca","@id":"https:\/\/www.emshi.gob.es\/#\/schema\/logo\/image\/","url":"https:\/\/www.emshi.gob.es\/wp-content\/uploads\/2022\/11\/cropped-EMSHI_VersionEspecial_RGB_CAS.png","contentUrl":"https:\/\/www.emshi.gob.es\/wp-content\/uploads\/2022\/11\/cropped-EMSHI_VersionEspecial_RGB_CAS.png","width":1966,"height":449,"caption":"EMSHI"},"image":{"@id":"https:\/\/www.emshi.gob.es\/#\/schema\/logo\/image\/"}}]}},"_links":{"self":[{"href":"https:\/\/www.emshi.gob.es\/ca\/wp-json\/wp\/v2\/pages\/2178"}],"collection":[{"href":"https:\/\/www.emshi.gob.es\/ca\/wp-json\/wp\/v2\/pages"}],"about":[{"href":"https:\/\/www.emshi.gob.es\/ca\/wp-json\/wp\/v2\/types\/page"}],"author":[{"embeddable":true,"href":"https:\/\/www.emshi.gob.es\/ca\/wp-json\/wp\/v2\/users\/20"}],"replies":[{"embeddable":true,"href":"https:\/\/www.emshi.gob.es\/ca\/wp-json\/wp\/v2\/comments?post=2178"}],"version-history":[{"count":106,"href":"https:\/\/www.emshi.gob.es\/ca\/wp-json\/wp\/v2\/pages\/2178\/revisions"}],"predecessor-version":[{"id":11678,"href":"https:\/\/www.emshi.gob.es\/ca\/wp-json\/wp\/v2\/pages\/2178\/revisions\/11678"}],"up":[{"embeddable":true,"href":"https:\/\/www.emshi.gob.es\/ca\/wp-json\/wp\/v2\/pages\/7070"}],"wp:attachment":[{"href":"https:\/\/www.emshi.gob.es\/ca\/wp-json\/wp\/v2\/media?parent=2178"}],"wp:term":[{"taxonomy":"author","embeddable":true,"href":"https:\/\/www.emshi.gob.es\/ca\/wp-json\/wp\/v2\/coauthors?post=2178"}],"curies":[{"name":"wp","href":"https:\/\/api.w.org\/{rel}","templated":true}]}}