{"id":2186,"date":"2022-08-10T13:44:29","date_gmt":"2022-08-10T11:44:29","guid":{"rendered":"http:\/\/www.emshi.gob.es\/?page_id=2186"},"modified":"2023-12-11T13:36:12","modified_gmt":"2023-12-11T12:36:12","slug":"junta-de-gobierno","status":"publish","type":"page","link":"https:\/\/www.emshi.gob.es\/ca\/quienes-somos\/organizacion\/organos-del-gobierno\/junta-de-gobierno\/","title":{"rendered":"Junta de Govern"},"content":{"rendered":"<div data-elementor-type=\"wp-page\" data-elementor-id=\"2186\" class=\"elementor elementor-2186\">\n\t\t\t\t\t\t<section class=\"elementor-section elementor-top-section elementor-element elementor-element-f1ade39 elementor-section-boxed elementor-section-height-default elementor-section-height-default\" data-id=\"f1ade39\" data-element_type=\"section\" data-settings=\"{&quot;background_background&quot;:&quot;classic&quot;}\">\n\t\t\t\t\t\t<div class=\"elementor-container elementor-column-gap-default\">\n\t\t\t\t\t<div class=\"elementor-column elementor-col-100 elementor-top-column elementor-element elementor-element-38dc833\" data-id=\"38dc833\" data-element_type=\"column\">\n\t\t\t<div class=\"elementor-widget-wrap elementor-element-populated\">\n\t\t\t\t\t\t<div class=\"elementor-element elementor-element-942f4b2 elementor-widget elementor-widget-spacer\" data-id=\"942f4b2\" data-element_type=\"widget\" data-widget_type=\"spacer.default\">\n\t\t\t\t<div class=\"elementor-widget-container\">\n\t\t\t<style>\/*! elementor - v3.21.0 - 08-05-2024 *\/\n.elementor-column .elementor-spacer-inner{height:var(--spacer-size)}.e-con{--container-widget-width:100%}.e-con-inner>.elementor-widget-spacer,.e-con>.elementor-widget-spacer{width:var(--container-widget-width,var(--spacer-size));--align-self:var(--container-widget-align-self,initial);--flex-shrink:0}.e-con-inner>.elementor-widget-spacer>.elementor-widget-container,.e-con>.elementor-widget-spacer>.elementor-widget-container{height:100%;width:100%}.e-con-inner>.elementor-widget-spacer>.elementor-widget-container>.elementor-spacer,.e-con>.elementor-widget-spacer>.elementor-widget-container>.elementor-spacer{height:100%}.e-con-inner>.elementor-widget-spacer>.elementor-widget-container>.elementor-spacer>.elementor-spacer-inner,.e-con>.elementor-widget-spacer>.elementor-widget-container>.elementor-spacer>.elementor-spacer-inner{height:var(--container-widget-height,var(--spacer-size))}.e-con-inner>.elementor-widget-spacer.elementor-widget-empty,.e-con>.elementor-widget-spacer.elementor-widget-empty{position:relative;min-height:22px;min-width:22px}.e-con-inner>.elementor-widget-spacer.elementor-widget-empty .elementor-widget-empty-icon,.e-con>.elementor-widget-spacer.elementor-widget-empty .elementor-widget-empty-icon{position:absolute;top:0;bottom:0;left:0;right:0;margin:auto;padding:0;width:22px;height:22px}<\/style>\t\t<div class=\"elementor-spacer\">\n\t\t\t<div class=\"elementor-spacer-inner\"><\/div>\n\t\t<\/div>\n\t\t\t\t<\/div>\n\t\t\t\t<\/div>\n\t\t\t\t<div class=\"elementor-element elementor-element-b85c1c0 elementor-widget elementor-widget-heading\" data-id=\"b85c1c0\" data-element_type=\"widget\" data-widget_type=\"heading.default\">\n\t\t\t\t<div class=\"elementor-widget-container\">\n\t\t\t<style>\/*! elementor - v3.21.0 - 08-05-2024 *\/\n.elementor-heading-title{padding:0;margin:0;line-height:1}.elementor-widget-heading .elementor-heading-title[class*=elementor-size-]>a{color:inherit;font-size:inherit;line-height:inherit}.elementor-widget-heading .elementor-heading-title.elementor-size-small{font-size:15px}.elementor-widget-heading .elementor-heading-title.elementor-size-medium{font-size:19px}.elementor-widget-heading .elementor-heading-title.elementor-size-large{font-size:29px}.elementor-widget-heading .elementor-heading-title.elementor-size-xl{font-size:39px}.elementor-widget-heading .elementor-heading-title.elementor-size-xxl{font-size:59px}<\/style><h1 class=\"elementor-heading-title elementor-size-default\">Junta de Govern<\/h1>\t\t<\/div>\n\t\t\t\t<\/div>\n\t\t\t\t<div class=\"elementor-element elementor-element-1acce7d elementor-widget elementor-widget-spacer\" data-id=\"1acce7d\" data-element_type=\"widget\" data-widget_type=\"spacer.default\">\n\t\t\t\t<div class=\"elementor-widget-container\">\n\t\t\t\t\t<div class=\"elementor-spacer\">\n\t\t\t<div class=\"elementor-spacer-inner\"><\/div>\n\t\t<\/div>\n\t\t\t\t<\/div>\n\t\t\t\t<\/div>\n\t\t\t\t\t<\/div>\n\t\t<\/div>\n\t\t\t\t\t<\/div>\n\t\t<\/section>\n\t\t\t\t<section class=\"elementor-section elementor-top-section elementor-element elementor-element-23f88f1 elementor-section-boxed elementor-section-height-default elementor-section-height-default\" data-id=\"23f88f1\" data-element_type=\"section\">\n\t\t\t\t\t\t<div class=\"elementor-container elementor-column-gap-default\">\n\t\t\t\t\t<div class=\"elementor-column elementor-col-100 elementor-top-column elementor-element elementor-element-7fd71ed\" data-id=\"7fd71ed\" data-element_type=\"column\">\n\t\t\t<div class=\"elementor-widget-wrap elementor-element-populated\">\n\t\t\t\t\t\t<div class=\"elementor-element elementor-element-c1ff851 elementor-widget elementor-widget-spacer\" data-id=\"c1ff851\" data-element_type=\"widget\" data-widget_type=\"spacer.default\">\n\t\t\t\t<div class=\"elementor-widget-container\">\n\t\t\t\t\t<div class=\"elementor-spacer\">\n\t\t\t<div class=\"elementor-spacer-inner\"><\/div>\n\t\t<\/div>\n\t\t\t\t<\/div>\n\t\t\t\t<\/div>\n\t\t\t\t<div class=\"elementor-element elementor-element-3f69598 elementor-widget elementor-widget-heading\" data-id=\"3f69598\" data-element_type=\"widget\" data-widget_type=\"heading.default\">\n\t\t\t\t<div class=\"elementor-widget-container\">\n\t\t\t<h3 class=\"elementor-heading-title elementor-size-default\">Relaci\u00f3n de componentes Junta de Gobierno 2023-2027<\/h3>\t\t<\/div>\n\t\t\t\t<\/div>\n\t\t\t\t<div class=\"elementor-element elementor-element-8abca19 elementor-widget elementor-widget-eael-advanced-data-table\" data-id=\"8abca19\" data-element_type=\"widget\" data-widget_type=\"eael-advanced-data-table.default\">\n\t\t\t\t<div class=\"elementor-widget-container\">\n\t\t\t<div class=\"ea-advanced-data-table-wrap\" data-id=\"8abca19\"><div class=\"ea-advanced-data-table-search-wrap ea-advanced-data-table-search-right\"><input type=\"search\" placeholder=\"Cercar\" class=\"ea-advanced-data-table-search\"><\/div><div class=\"ea-advanced-data-table-wrap-inner\">\n                <table class=\"ea-advanced-data-table ea-advanced-data-table-static ea-advanced-data-table-8abca19 ea-advanced-data-table-sortable ea-advanced-data-table-searchable\" data-id=\"8abca19\"><thead><tr><th>Municipi<\/th><th>Titular<\/th><th>Grup<\/th><\/tr><\/thead><tbody><tr><td><p>Val\u00e8ncia<\/p><\/td><td><p>Carlos Mundina G\u00f3mez\t<\/p><\/td><td><p>PP<\/p><\/td><\/tr><tr><td><p>Godella<\/p><\/td><td><p>Jos\u00e9 Mar\u00eda Musoles Granada<\/p><\/td><td><p>PP<\/p><\/td><\/tr><tr><td><p>Alm\u00e0ssera<\/p><\/td><td><p>Emilio Jos\u00e9 Belencoso Rodrigo<\/p><\/td><td><p>PP<\/p><\/td><\/tr><tr><td><p>Massanassa<\/p><\/td><td><p>Francisco Antonio Comes Monmeneu<\/p><\/td><td><p>PP<\/p><\/td><\/tr><tr><td><p>Emperador<\/p><\/td><td><p>Alberto Bayarri Remol\u00ed<\/p><\/td><td><p>PP<\/p><\/td><\/tr><tr><td><p>Pu\u00e7ol<\/p><\/td><td><p>Mar\u00eda Elena Camarero Ben\u00edtez<\/p><\/td><td><p>PP<\/p><\/td><\/tr><tr><td><p>Xirivella<\/p><\/td><td><p>Paqui Bartual Bermell<\/p><\/td><td><p>PP<\/p><\/td><\/tr><tr><td><p>Tavernes Blanques<\/p><\/td><td><p>Arturo Ros Ribes<\/p><\/td><td><p>PP<\/p><\/td><\/tr><tr><td><p>Llocnou de la Corona<\/p><\/td><td><p>Rub\u00e9n Molina Fern\u00e1ndez<\/p><\/td><td><p>PP<\/p><\/td><\/tr><\/tbody><\/table>\n            <\/div><\/div>\t\t<\/div>\n\t\t\t\t<\/div>\n\t\t\t\t\t<\/div>\n\t\t<\/div>\n\t\t\t\t\t<\/div>\n\t\t<\/section>\n\t\t\t\t<section class=\"elementor-section elementor-top-section elementor-element elementor-element-99ebd3d elementor-section-boxed elementor-section-height-default elementor-section-height-default\" data-id=\"99ebd3d\" data-element_type=\"section\">\n\t\t\t\t\t\t<div class=\"elementor-container elementor-column-gap-default\">\n\t\t\t\t\t<div class=\"elementor-column elementor-col-100 elementor-top-column elementor-element elementor-element-a016b8d\" data-id=\"a016b8d\" data-element_type=\"column\">\n\t\t\t<div class=\"elementor-widget-wrap elementor-element-populated\">\n\t\t\t\t\t\t<div class=\"elementor-element elementor-element-58f5902 elementor-widget elementor-widget-spacer\" data-id=\"58f5902\" data-element_type=\"widget\" data-widget_type=\"spacer.default\">\n\t\t\t\t<div class=\"elementor-widget-container\">\n\t\t\t\t\t<div class=\"elementor-spacer\">\n\t\t\t<div class=\"elementor-spacer-inner\"><\/div>\n\t\t<\/div>\n\t\t\t\t<\/div>\n\t\t\t\t<\/div>\n\t\t\t\t\t<\/div>\n\t\t<\/div>\n\t\t\t\t\t<\/div>\n\t\t<\/section>\n\t\t\t\t<\/div>","protected":false},"excerpt":{"rendered":"<p>Junta de Gobierno Relaci\u00f3n de componentes Junta de Gobierno 2023-2027 Municipio Titular Grupo Val\u00e8ncia Carlos Mundina G\u00f3mez PP Godella Jos\u00e9 Mar\u00eda Musoles Granada PP Alm\u00e0ssera Emilio Jos\u00e9 Belencoso Rodrigo PP Massanassa Francisco Antonio Comes Monmeneu PP Emperador Alberto Bayarri Remol\u00ed PP Pu\u00e7ol Mar\u00eda Elena Camarero Ben\u00edtez PP Xirivella Paqui Bartual Bermell PP Tavernes Blanques Arturo [&hellip;]<\/p>","protected":false},"author":20,"featured_media":0,"parent":7070,"menu_order":0,"comment_status":"closed","ping_status":"closed","template":"","meta":{"_monsterinsights_skip_tracking":false,"_monsterinsights_sitenote_active":false,"_monsterinsights_sitenote_note":"","_monsterinsights_sitenote_category":0,"site-sidebar-layout":"no-sidebar","site-content-layout":"page-builder","ast-site-content-layout":"default","site-content-style":"default","site-sidebar-style":"default","ast-global-header-display":"","ast-banner-title-visibility":"","ast-main-header-display":"","ast-hfb-above-header-display":"","ast-hfb-below-header-display":"","ast-hfb-mobile-header-display":"","site-post-title":"disabled","ast-breadcrumbs-content":"","ast-featured-img":"disabled","footer-sml-layout":"","ast-disable-related-posts":"","theme-transparent-header-meta":"","adv-header-id-meta":"","stick-header-meta":"","header-above-stick-meta":"","header-main-stick-meta":"","header-below-stick-meta":"","astra-migrate-meta-layouts":"default","ast-page-background-enabled":"default","ast-page-background-meta":{"desktop":{"background-color":"var(--ast-global-color-4)","background-image":"","background-repeat":"repeat","background-position":"center center","background-size":"auto","background-attachment":"scroll","background-type":"","background-media":"","overlay-type":"","overlay-color":"","overlay-opacity":"","overlay-gradient":""},"tablet":{"background-color":"","background-image":"","background-repeat":"repeat","background-position":"center center","background-size":"auto","background-attachment":"scroll","background-type":"","background-media":"","overlay-type":"","overlay-color":"","overlay-opacity":"","overlay-gradient":""},"mobile":{"background-color":"","background-image":"","background-repeat":"repeat","background-position":"center center","background-size":"auto","background-attachment":"scroll","background-type":"","background-media":"","overlay-type":"","overlay-color":"","overlay-opacity":"","overlay-gradient":""}},"ast-content-background-meta":{"desktop":{"background-color":"var(--ast-global-color-5)","background-image":"","background-repeat":"repeat","background-position":"center center","background-size":"auto","background-attachment":"scroll","background-type":"","background-media":"","overlay-type":"","overlay-color":"","overlay-opacity":"","overlay-gradient":""},"tablet":{"background-color":"var(--ast-global-color-5)","background-image":"","background-repeat":"repeat","background-position":"center center","background-size":"auto","background-attachment":"scroll","background-type":"","background-media":"","overlay-type":"","overlay-color":"","overlay-opacity":"","overlay-gradient":""},"mobile":{"background-color":"var(--ast-global-color-5)","background-image":"","background-repeat":"repeat","background-position":"center center","background-size":"auto","background-attachment":"scroll","background-type":"","background-media":"","overlay-type":"","overlay-color":"","overlay-opacity":"","overlay-gradient":""}},"footnotes":""},"coauthors":[54,53,64,65],"yoast_head":"<!-- This site is optimized with the Yoast SEO plugin v21.8 - https:\/\/yoast.com\/wordpress\/plugins\/seo\/ -->\n<title>Junta de Gobierno - EMSHI<\/title>\n<meta name=\"robots\" content=\"index, follow, max-snippet:-1, max-image-preview:large, max-video-preview:-1\" \/>\n<link rel=\"canonical\" href=\"https:\/\/www.emshi.gob.es\/ca\/quienes-somos\/organizacion\/organos-del-gobierno\/junta-de-gobierno\/\" \/>\n<meta property=\"og:locale\" content=\"ca_ES\" \/>\n<meta property=\"og:type\" content=\"article\" \/>\n<meta property=\"og:title\" content=\"Junta de Gobierno - EMSHI\" \/>\n<meta property=\"og:description\" content=\"Junta de Gobierno Relaci\u00f3n de componentes Junta de Gobierno 2023-2027 Municipio Titular Grupo Val\u00e8ncia Carlos Mundina G\u00f3mez PP Godella Jos\u00e9 Mar\u00eda Musoles Granada PP Alm\u00e0ssera Emilio Jos\u00e9 Belencoso Rodrigo PP Massanassa Francisco Antonio Comes Monmeneu PP Emperador Alberto Bayarri Remol\u00ed PP Pu\u00e7ol Mar\u00eda Elena Camarero Ben\u00edtez PP Xirivella Paqui Bartual Bermell PP Tavernes Blanques Arturo [&hellip;]\" \/>\n<meta property=\"og:url\" content=\"https:\/\/www.emshi.gob.es\/ca\/quienes-somos\/organizacion\/organos-del-gobierno\/junta-de-gobierno\/\" \/>\n<meta property=\"og:site_name\" content=\"EMSHI\" \/>\n<meta property=\"article:modified_time\" content=\"2023-12-11T12:36:12+00:00\" \/>\n<meta name=\"twitter:card\" content=\"summary_large_image\" \/>\n<meta name=\"twitter:label1\" content=\"Temps estimat de lectura\" \/>\n\t<meta name=\"twitter:data1\" content=\"1 minut\" \/>\n\t<meta name=\"twitter:label2\" content=\"Written by\" \/>\n\t<meta name=\"twitter:data2\" content=\"Irene L\u00f3pez Barroso, Juana Chiner Belenguer, TechScribeOdec, Esperanza Franco\" \/>\n<script type=\"application\/ld+json\" class=\"yoast-schema-graph\">{\"@context\":\"https:\/\/schema.org\",\"@graph\":[{\"@type\":\"WebPage\",\"@id\":\"https:\/\/www.emshi.gob.es\/quienes-somos\/organizacion\/organos-del-gobierno\/junta-de-gobierno\/\",\"url\":\"https:\/\/www.emshi.gob.es\/quienes-somos\/organizacion\/organos-del-gobierno\/junta-de-gobierno\/\",\"name\":\"Junta de Gobierno - EMSHI\",\"isPartOf\":{\"@id\":\"https:\/\/www.emshi.gob.es\/#website\"},\"datePublished\":\"2022-08-10T11:44:29+00:00\",\"dateModified\":\"2023-12-11T12:36:12+00:00\",\"breadcrumb\":{\"@id\":\"https:\/\/www.emshi.gob.es\/quienes-somos\/organizacion\/organos-del-gobierno\/junta-de-gobierno\/#breadcrumb\"},\"inLanguage\":\"ca\",\"potentialAction\":[{\"@type\":\"ReadAction\",\"target\":[\"https:\/\/www.emshi.gob.es\/quienes-somos\/organizacion\/organos-del-gobierno\/junta-de-gobierno\/\"]}]},{\"@type\":\"BreadcrumbList\",\"@id\":\"https:\/\/www.emshi.gob.es\/quienes-somos\/organizacion\/organos-del-gobierno\/junta-de-gobierno\/#breadcrumb\",\"itemListElement\":[{\"@type\":\"ListItem\",\"position\":1,\"name\":\"Home\",\"item\":\"https:\/\/www.emshi.gob.es\/\"},{\"@type\":\"ListItem\",\"position\":2,\"name\":\"Qui\u00e9nes Somos\",\"item\":\"https:\/\/www.emshi.gob.es\/quienes-somos\/\"},{\"@type\":\"ListItem\",\"position\":3,\"name\":\"Organizaci\u00f3n\",\"item\":\"https:\/\/www.emshi.gob.es\/quienes-somos\/organizacion\/\"},{\"@type\":\"ListItem\",\"position\":4,\"name\":\"\u00d3rganos del gobierno\",\"item\":\"https:\/\/www.emshi.gob.es\/quienes-somos\/organizacion\/organos-del-gobierno\/\"},{\"@type\":\"ListItem\",\"position\":5,\"name\":\"Junta de Gobierno\"}]},{\"@type\":\"WebSite\",\"@id\":\"https:\/\/www.emshi.gob.es\/#website\",\"url\":\"https:\/\/www.emshi.gob.es\/\",\"name\":\"EMSHI\",\"description\":\"\",\"publisher\":{\"@id\":\"https:\/\/www.emshi.gob.es\/#organization\"},\"potentialAction\":[{\"@type\":\"SearchAction\",\"target\":{\"@type\":\"EntryPoint\",\"urlTemplate\":\"https:\/\/www.emshi.gob.es\/?s={search_term_string}\"},\"query-input\":\"required name=search_term_string\"}],\"inLanguage\":\"ca\"},{\"@type\":\"Organization\",\"@id\":\"https:\/\/www.emshi.gob.es\/#organization\",\"name\":\"EMSHI\",\"url\":\"https:\/\/www.emshi.gob.es\/\",\"logo\":{\"@type\":\"ImageObject\",\"inLanguage\":\"ca\",\"@id\":\"https:\/\/www.emshi.gob.es\/#\/schema\/logo\/image\/\",\"url\":\"https:\/\/www.emshi.gob.es\/wp-content\/uploads\/2022\/11\/cropped-EMSHI_VersionEspecial_RGB_CAS.png\",\"contentUrl\":\"https:\/\/www.emshi.gob.es\/wp-content\/uploads\/2022\/11\/cropped-EMSHI_VersionEspecial_RGB_CAS.png\",\"width\":1966,\"height\":449,\"caption\":\"EMSHI\"},\"image\":{\"@id\":\"https:\/\/www.emshi.gob.es\/#\/schema\/logo\/image\/\"}}]}<\/script>\n<!-- \/ Yoast SEO plugin. -->","yoast_head_json":{"title":"Junta de Gobierno - EMSHI","robots":{"index":"index","follow":"follow","max-snippet":"max-snippet:-1","max-image-preview":"max-image-preview:large","max-video-preview":"max-video-preview:-1"},"canonical":"https:\/\/www.emshi.gob.es\/ca\/quienes-somos\/organizacion\/organos-del-gobierno\/junta-de-gobierno\/","og_locale":"ca_ES","og_type":"article","og_title":"Junta de Gobierno - EMSHI","og_description":"Junta de Gobierno Relaci\u00f3n de componentes Junta de Gobierno 2023-2027 Municipio Titular Grupo Val\u00e8ncia Carlos Mundina G\u00f3mez PP Godella Jos\u00e9 Mar\u00eda Musoles Granada PP Alm\u00e0ssera Emilio Jos\u00e9 Belencoso Rodrigo PP Massanassa Francisco Antonio Comes Monmeneu PP Emperador Alberto Bayarri Remol\u00ed PP Pu\u00e7ol Mar\u00eda Elena Camarero Ben\u00edtez PP Xirivella Paqui Bartual Bermell PP Tavernes Blanques Arturo [&hellip;]","og_url":"https:\/\/www.emshi.gob.es\/ca\/quienes-somos\/organizacion\/organos-del-gobierno\/junta-de-gobierno\/","og_site_name":"EMSHI","article_modified_time":"2023-12-11T12:36:12+00:00","twitter_card":"summary_large_image","twitter_misc":{"Temps estimat de lectura":"1 minut","Written by":"Irene L\u00f3pez Barroso, Juana Chiner Belenguer, TechScribeOdec, Esperanza Franco"},"schema":{"@context":"https:\/\/schema.org","@graph":[{"@type":"WebPage","@id":"https:\/\/www.emshi.gob.es\/quienes-somos\/organizacion\/organos-del-gobierno\/junta-de-gobierno\/","url":"https:\/\/www.emshi.gob.es\/quienes-somos\/organizacion\/organos-del-gobierno\/junta-de-gobierno\/","name":"Junta de Gobierno - EMSHI","isPartOf":{"@id":"https:\/\/www.emshi.gob.es\/#website"},"datePublished":"2022-08-10T11:44:29+00:00","dateModified":"2023-12-11T12:36:12+00:00","breadcrumb":{"@id":"https:\/\/www.emshi.gob.es\/quienes-somos\/organizacion\/organos-del-gobierno\/junta-de-gobierno\/#breadcrumb"},"inLanguage":"ca","potentialAction":[{"@type":"ReadAction","target":["https:\/\/www.emshi.gob.es\/quienes-somos\/organizacion\/organos-del-gobierno\/junta-de-gobierno\/"]}]},{"@type":"BreadcrumbList","@id":"https:\/\/www.emshi.gob.es\/quienes-somos\/organizacion\/organos-del-gobierno\/junta-de-gobierno\/#breadcrumb","itemListElement":[{"@type":"ListItem","position":1,"name":"Home","item":"https:\/\/www.emshi.gob.es\/"},{"@type":"ListItem","position":2,"name":"Qui\u00e9nes Somos","item":"https:\/\/www.emshi.gob.es\/quienes-somos\/"},{"@type":"ListItem","position":3,"name":"Organizaci\u00f3n","item":"https:\/\/www.emshi.gob.es\/quienes-somos\/organizacion\/"},{"@type":"ListItem","position":4,"name":"\u00d3rganos del gobierno","item":"https:\/\/www.emshi.gob.es\/quienes-somos\/organizacion\/organos-del-gobierno\/"},{"@type":"ListItem","position":5,"name":"Junta de Gobierno"}]},{"@type":"WebSite","@id":"https:\/\/www.emshi.gob.es\/#website","url":"https:\/\/www.emshi.gob.es\/","name":"L'EMSHI","description":"","publisher":{"@id":"https:\/\/www.emshi.gob.es\/#organization"},"potentialAction":[{"@type":"SearchAction","target":{"@type":"EntryPoint","urlTemplate":"https:\/\/www.emshi.gob.es\/?s={search_term_string}"},"query-input":"required name=search_term_string"}],"inLanguage":"ca"},{"@type":"Organization","@id":"https:\/\/www.emshi.gob.es\/#organization","name":"L'EMSHI","url":"https:\/\/www.emshi.gob.es\/","logo":{"@type":"ImageObject","inLanguage":"ca","@id":"https:\/\/www.emshi.gob.es\/#\/schema\/logo\/image\/","url":"https:\/\/www.emshi.gob.es\/wp-content\/uploads\/2022\/11\/cropped-EMSHI_VersionEspecial_RGB_CAS.png","contentUrl":"https:\/\/www.emshi.gob.es\/wp-content\/uploads\/2022\/11\/cropped-EMSHI_VersionEspecial_RGB_CAS.png","width":1966,"height":449,"caption":"EMSHI"},"image":{"@id":"https:\/\/www.emshi.gob.es\/#\/schema\/logo\/image\/"}}]}},"_links":{"self":[{"href":"https:\/\/www.emshi.gob.es\/ca\/wp-json\/wp\/v2\/pages\/2186"}],"collection":[{"href":"https:\/\/www.emshi.gob.es\/ca\/wp-json\/wp\/v2\/pages"}],"about":[{"href":"https:\/\/www.emshi.gob.es\/ca\/wp-json\/wp\/v2\/types\/page"}],"author":[{"embeddable":true,"href":"https:\/\/www.emshi.gob.es\/ca\/wp-json\/wp\/v2\/users\/20"}],"replies":[{"embeddable":true,"href":"https:\/\/www.emshi.gob.es\/ca\/wp-json\/wp\/v2\/comments?post=2186"}],"version-history":[{"count":23,"href":"https:\/\/www.emshi.gob.es\/ca\/wp-json\/wp\/v2\/pages\/2186\/revisions"}],"predecessor-version":[{"id":11155,"href":"https:\/\/www.emshi.gob.es\/ca\/wp-json\/wp\/v2\/pages\/2186\/revisions\/11155"}],"up":[{"embeddable":true,"href":"https:\/\/www.emshi.gob.es\/ca\/wp-json\/wp\/v2\/pages\/7070"}],"wp:attachment":[{"href":"https:\/\/www.emshi.gob.es\/ca\/wp-json\/wp\/v2\/media?parent=2186"}],"wp:term":[{"taxonomy":"author","embeddable":true,"href":"https:\/\/www.emshi.gob.es\/ca\/wp-json\/wp\/v2\/coauthors?post=2186"}],"curies":[{"name":"wp","href":"https:\/\/api.w.org\/{rel}","templated":true}]}}