{"id":6922,"date":"2022-12-19T08:55:02","date_gmt":"2022-12-19T07:55:02","guid":{"rendered":"https:\/\/vibrant-bhaskara.212-227-40-142.plesk.page\/?page_id=6922"},"modified":"2023-03-21T14:40:52","modified_gmt":"2023-03-21T13:40:52","slug":"mediateca","status":"publish","type":"page","link":"https:\/\/www.emshi.gob.es\/ca\/comunicacion\/mediateca\/","title":{"rendered":"Mediateca"},"content":{"rendered":"<div data-elementor-type=\"wp-page\" data-elementor-id=\"6922\" class=\"elementor elementor-6922\">\n\t\t\t\t\t\t<section class=\"elementor-section elementor-top-section elementor-element elementor-element-e1cc04d elementor-section-boxed elementor-section-height-default elementor-section-height-default\" data-id=\"e1cc04d\" data-element_type=\"section\" data-settings=\"{&quot;background_background&quot;:&quot;classic&quot;}\">\n\t\t\t\t\t\t<div class=\"elementor-container elementor-column-gap-default\">\n\t\t\t\t\t<div class=\"elementor-column elementor-col-100 elementor-top-column elementor-element elementor-element-75a6b94\" data-id=\"75a6b94\" data-element_type=\"column\">\n\t\t\t<div class=\"elementor-widget-wrap elementor-element-populated\">\n\t\t\t\t\t\t<div class=\"elementor-element elementor-element-2d1b0d5 elementor-widget elementor-widget-spacer\" data-id=\"2d1b0d5\" data-element_type=\"widget\" data-widget_type=\"spacer.default\">\n\t\t\t\t<div class=\"elementor-widget-container\">\n\t\t\t<style>\/*! elementor - v3.21.0 - 08-05-2024 *\/\n.elementor-column .elementor-spacer-inner{height:var(--spacer-size)}.e-con{--container-widget-width:100%}.e-con-inner>.elementor-widget-spacer,.e-con>.elementor-widget-spacer{width:var(--container-widget-width,var(--spacer-size));--align-self:var(--container-widget-align-self,initial);--flex-shrink:0}.e-con-inner>.elementor-widget-spacer>.elementor-widget-container,.e-con>.elementor-widget-spacer>.elementor-widget-container{height:100%;width:100%}.e-con-inner>.elementor-widget-spacer>.elementor-widget-container>.elementor-spacer,.e-con>.elementor-widget-spacer>.elementor-widget-container>.elementor-spacer{height:100%}.e-con-inner>.elementor-widget-spacer>.elementor-widget-container>.elementor-spacer>.elementor-spacer-inner,.e-con>.elementor-widget-spacer>.elementor-widget-container>.elementor-spacer>.elementor-spacer-inner{height:var(--container-widget-height,var(--spacer-size))}.e-con-inner>.elementor-widget-spacer.elementor-widget-empty,.e-con>.elementor-widget-spacer.elementor-widget-empty{position:relative;min-height:22px;min-width:22px}.e-con-inner>.elementor-widget-spacer.elementor-widget-empty .elementor-widget-empty-icon,.e-con>.elementor-widget-spacer.elementor-widget-empty .elementor-widget-empty-icon{position:absolute;top:0;bottom:0;left:0;right:0;margin:auto;padding:0;width:22px;height:22px}<\/style>\t\t<div class=\"elementor-spacer\">\n\t\t\t<div class=\"elementor-spacer-inner\"><\/div>\n\t\t<\/div>\n\t\t\t\t<\/div>\n\t\t\t\t<\/div>\n\t\t\t\t<div class=\"elementor-element elementor-element-5a44b4e elementor-widget elementor-widget-heading\" data-id=\"5a44b4e\" data-element_type=\"widget\" data-widget_type=\"heading.default\">\n\t\t\t\t<div class=\"elementor-widget-container\">\n\t\t\t<style>\/*! elementor - v3.21.0 - 08-05-2024 *\/\n.elementor-heading-title{padding:0;margin:0;line-height:1}.elementor-widget-heading .elementor-heading-title[class*=elementor-size-]>a{color:inherit;font-size:inherit;line-height:inherit}.elementor-widget-heading .elementor-heading-title.elementor-size-small{font-size:15px}.elementor-widget-heading .elementor-heading-title.elementor-size-medium{font-size:19px}.elementor-widget-heading .elementor-heading-title.elementor-size-large{font-size:29px}.elementor-widget-heading .elementor-heading-title.elementor-size-xl{font-size:39px}.elementor-widget-heading .elementor-heading-title.elementor-size-xxl{font-size:59px}<\/style><h1 class=\"elementor-heading-title elementor-size-default\">Mediateca<\/h1>\t\t<\/div>\n\t\t\t\t<\/div>\n\t\t\t\t<div class=\"elementor-element elementor-element-1b0554d elementor-widget elementor-widget-spacer\" data-id=\"1b0554d\" data-element_type=\"widget\" data-widget_type=\"spacer.default\">\n\t\t\t\t<div class=\"elementor-widget-container\">\n\t\t\t\t\t<div class=\"elementor-spacer\">\n\t\t\t<div class=\"elementor-spacer-inner\"><\/div>\n\t\t<\/div>\n\t\t\t\t<\/div>\n\t\t\t\t<\/div>\n\t\t\t\t\t<\/div>\n\t\t<\/div>\n\t\t\t\t\t<\/div>\n\t\t<\/section>\n\t\t\t\t<section class=\"elementor-section elementor-top-section elementor-element elementor-element-74beb5c elementor-section-boxed elementor-section-height-default elementor-section-height-default\" data-id=\"74beb5c\" data-element_type=\"section\">\n\t\t\t\t\t\t<div class=\"elementor-container elementor-column-gap-default\">\n\t\t\t\t\t<div class=\"elementor-column elementor-col-100 elementor-top-column elementor-element elementor-element-22a2eca\" data-id=\"22a2eca\" data-element_type=\"column\">\n\t\t\t<div class=\"elementor-widget-wrap elementor-element-populated\">\n\t\t\t\t\t\t<div class=\"elementor-element elementor-element-157590c elementor-widget elementor-widget-spacer\" data-id=\"157590c\" data-element_type=\"widget\" data-widget_type=\"spacer.default\">\n\t\t\t\t<div class=\"elementor-widget-container\">\n\t\t\t\t\t<div class=\"elementor-spacer\">\n\t\t\t<div class=\"elementor-spacer-inner\"><\/div>\n\t\t<\/div>\n\t\t\t\t<\/div>\n\t\t\t\t<\/div>\n\t\t\t\t\t<\/div>\n\t\t<\/div>\n\t\t\t\t\t<\/div>\n\t\t<\/section>\n\t\t\t\t<section class=\"elementor-section elementor-top-section elementor-element elementor-element-081784e elementor-section-boxed elementor-section-height-default elementor-section-height-default\" data-id=\"081784e\" data-element_type=\"section\">\n\t\t\t\t\t\t<div class=\"elementor-container elementor-column-gap-default\">\n\t\t\t\t\t<div class=\"elementor-column elementor-col-100 elementor-top-column elementor-element elementor-element-3ab8ba0\" data-id=\"3ab8ba0\" data-element_type=\"column\">\n\t\t\t<div class=\"elementor-widget-wrap elementor-element-populated\">\n\t\t\t\t\t\t<section class=\"elementor-section elementor-inner-section elementor-element elementor-element-ea33e45 elementor-section-boxed elementor-section-height-default elementor-section-height-default\" data-id=\"ea33e45\" data-element_type=\"section\">\n\t\t\t\t\t\t<div class=\"elementor-container elementor-column-gap-default\">\n\t\t\t\t\t<div class=\"elementor-column elementor-col-50 elementor-inner-column elementor-element elementor-element-b6937db\" data-id=\"b6937db\" data-element_type=\"column\">\n\t\t\t<div class=\"elementor-widget-wrap elementor-element-populated\">\n\t\t\t\t\t\t<div class=\"elementor-element elementor-element-7865c24 elementor-view-framed elementor-position-top elementor-shape-circle elementor-mobile-position-top elementor-widget elementor-widget-icon-box\" data-id=\"7865c24\" data-element_type=\"widget\" data-widget_type=\"icon-box.default\">\n\t\t\t\t<div class=\"elementor-widget-container\">\n\t\t\t<link rel=\"stylesheet\" href=\"https:\/\/www.emshi.gob.es\/wp-content\/plugins\/elementor\/assets\/css\/widget-icon-box.min.css\">\t\t<div class=\"elementor-icon-box-wrapper\">\n\n\t\t\t\t\t\t<div class=\"elementor-icon-box-icon\">\n\t\t\t\t<a href=\"https:\/\/www.emshi.gob.es\/ca\/mediateca\/fotos\/\" class=\"elementor-icon elementor-animation-\" tabindex=\"-1\">\n\t\t\t\t<i aria-hidden=\"true\" class=\"far fa-images\"><\/i>\t\t\t\t<\/a>\n\t\t\t<\/div>\n\t\t\t\n\t\t\t\t\t\t<div class=\"elementor-icon-box-content\">\n\n\t\t\t\t\t\t\t\t\t<h3 class=\"elementor-icon-box-title\">\n\t\t\t\t\t\t<a href=\"https:\/\/www.emshi.gob.es\/ca\/mediateca\/fotos\/\" >\n\t\t\t\t\t\t\tGaler\u00eda de fotos\t\t\t\t\t\t<\/a>\n\t\t\t\t\t<\/h3>\n\t\t\t\t\n\t\t\t\t\n\t\t\t<\/div>\n\t\t\t\n\t\t<\/div>\n\t\t\t\t<\/div>\n\t\t\t\t<\/div>\n\t\t\t\t\t<\/div>\n\t\t<\/div>\n\t\t\t\t<div class=\"elementor-column elementor-col-50 elementor-inner-column elementor-element elementor-element-09ff4fd\" data-id=\"09ff4fd\" data-element_type=\"column\">\n\t\t\t<div class=\"elementor-widget-wrap elementor-element-populated\">\n\t\t\t\t\t\t<div class=\"elementor-element elementor-element-fcf640e elementor-view-framed elementor-position-top elementor-shape-circle elementor-mobile-position-top elementor-widget elementor-widget-icon-box\" data-id=\"fcf640e\" data-element_type=\"widget\" data-widget_type=\"icon-box.default\">\n\t\t\t\t<div class=\"elementor-widget-container\">\n\t\t\t\t\t<div class=\"elementor-icon-box-wrapper\">\n\n\t\t\t\t\t\t<div class=\"elementor-icon-box-icon\">\n\t\t\t\t<a href=\"https:\/\/www.emshi.gob.es\/ca\/mediateca\/videos\/\" class=\"elementor-icon elementor-animation-\" tabindex=\"-1\">\n\t\t\t\t<i aria-hidden=\"true\" class=\"fas fa-photo-video\"><\/i>\t\t\t\t<\/a>\n\t\t\t<\/div>\n\t\t\t\n\t\t\t\t\t\t<div class=\"elementor-icon-box-content\">\n\n\t\t\t\t\t\t\t\t\t<h3 class=\"elementor-icon-box-title\">\n\t\t\t\t\t\t<a href=\"https:\/\/www.emshi.gob.es\/ca\/mediateca\/videos\/\" >\n\t\t\t\t\t\t\tGaler\u00eda de v\u00eddeos\t\t\t\t\t\t<\/a>\n\t\t\t\t\t<\/h3>\n\t\t\t\t\n\t\t\t\t\n\t\t\t<\/div>\n\t\t\t\n\t\t<\/div>\n\t\t\t\t<\/div>\n\t\t\t\t<\/div>\n\t\t\t\t\t<\/div>\n\t\t<\/div>\n\t\t\t\t\t<\/div>\n\t\t<\/section>\n\t\t\t\t\t<\/div>\n\t\t<\/div>\n\t\t\t\t\t<\/div>\n\t\t<\/section>\n\t\t\t\t<section class=\"elementor-section elementor-top-section elementor-element elementor-element-c9d855f elementor-section-boxed elementor-section-height-default elementor-section-height-default\" data-id=\"c9d855f\" data-element_type=\"section\">\n\t\t\t\t\t\t<div class=\"elementor-container elementor-column-gap-default\">\n\t\t\t\t\t<div class=\"elementor-column elementor-col-100 elementor-top-column elementor-element elementor-element-b58110d\" data-id=\"b58110d\" data-element_type=\"column\">\n\t\t\t<div class=\"elementor-widget-wrap elementor-element-populated\">\n\t\t\t\t\t\t<div class=\"elementor-element elementor-element-c380553 elementor-widget elementor-widget-spacer\" data-id=\"c380553\" data-element_type=\"widget\" data-widget_type=\"spacer.default\">\n\t\t\t\t<div class=\"elementor-widget-container\">\n\t\t\t\t\t<div class=\"elementor-spacer\">\n\t\t\t<div class=\"elementor-spacer-inner\"><\/div>\n\t\t<\/div>\n\t\t\t\t<\/div>\n\t\t\t\t<\/div>\n\t\t\t\t\t<\/div>\n\t\t<\/div>\n\t\t\t\t\t<\/div>\n\t\t<\/section>\n\t\t\t\t<\/div>","protected":false},"excerpt":{"rendered":"<p>Mediateca Galer\u00eda de fotos Galer\u00eda de v\u00eddeos<\/p>","protected":false},"author":25,"featured_media":0,"parent":6972,"menu_order":0,"comment_status":"closed","ping_status":"closed","template":"","meta":{"_monsterinsights_skip_tracking":false,"_monsterinsights_sitenote_active":false,"_monsterinsights_sitenote_note":"","_monsterinsights_sitenote_category":0,"site-sidebar-layout":"no-sidebar","site-content-layout":"page-builder","ast-site-content-layout":"default","site-content-style":"default","site-sidebar-style":"default","ast-global-header-display":"","ast-banner-title-visibility":"","ast-main-header-display":"","ast-hfb-above-header-display":"","ast-hfb-below-header-display":"","ast-hfb-mobile-header-display":"","site-post-title":"disabled","ast-breadcrumbs-content":"","ast-featured-img":"disabled","footer-sml-layout":"","ast-disable-related-posts":"","theme-transparent-header-meta":"","adv-header-id-meta":"","stick-header-meta":"","header-above-stick-meta":"","header-main-stick-meta":"","header-below-stick-meta":"","astra-migrate-meta-layouts":"default","ast-page-background-enabled":"default","ast-page-background-meta":{"desktop":{"background-color":"var(--ast-global-color-4)","background-image":"","background-repeat":"repeat","background-position":"center center","background-size":"auto","background-attachment":"scroll","background-type":"","background-media":"","overlay-type":"","overlay-color":"","overlay-opacity":"","overlay-gradient":""},"tablet":{"background-color":"","background-image":"","background-repeat":"repeat","background-position":"center center","background-size":"auto","background-attachment":"scroll","background-type":"","background-media":"","overlay-type":"","overlay-color":"","overlay-opacity":"","overlay-gradient":""},"mobile":{"background-color":"","background-image":"","background-repeat":"repeat","background-position":"center center","background-size":"auto","background-attachment":"scroll","background-type":"","background-media":"","overlay-type":"","overlay-color":"","overlay-opacity":"","overlay-gradient":""}},"ast-content-background-meta":{"desktop":{"background-color":"var(--ast-global-color-5)","background-image":"","background-repeat":"repeat","background-position":"center center","background-size":"auto","background-attachment":"scroll","background-type":"","background-media":"","overlay-type":"","overlay-color":"","overlay-opacity":"","overlay-gradient":""},"tablet":{"background-color":"var(--ast-global-color-5)","background-image":"","background-repeat":"repeat","background-position":"center center","background-size":"auto","background-attachment":"scroll","background-type":"","background-media":"","overlay-type":"","overlay-color":"","overlay-opacity":"","overlay-gradient":""},"mobile":{"background-color":"var(--ast-global-color-5)","background-image":"","background-repeat":"repeat","background-position":"center center","background-size":"auto","background-attachment":"scroll","background-type":"","background-media":"","overlay-type":"","overlay-color":"","overlay-opacity":"","overlay-gradient":""}},"footnotes":""},"coauthors":[60],"yoast_head":"<!-- This site is optimized with the Yoast SEO plugin v21.8 - https:\/\/yoast.com\/wordpress\/plugins\/seo\/ -->\n<title>Mediateca - EMSHI<\/title>\n<meta name=\"robots\" content=\"index, follow, max-snippet:-1, max-image-preview:large, max-video-preview:-1\" \/>\n<link rel=\"canonical\" href=\"https:\/\/www.emshi.gob.es\/ca\/comunicacion\/mediateca\/\" \/>\n<meta property=\"og:locale\" content=\"ca_ES\" \/>\n<meta property=\"og:type\" content=\"article\" \/>\n<meta property=\"og:title\" content=\"Mediateca - EMSHI\" \/>\n<meta property=\"og:description\" content=\"Mediateca Galer\u00eda de fotos Galer\u00eda de v\u00eddeos\" \/>\n<meta property=\"og:url\" content=\"https:\/\/www.emshi.gob.es\/ca\/comunicacion\/mediateca\/\" \/>\n<meta property=\"og:site_name\" content=\"EMSHI\" \/>\n<meta property=\"article:modified_time\" content=\"2023-03-21T13:40:52+00:00\" \/>\n<meta name=\"twitter:card\" content=\"summary_large_image\" \/>\n<meta name=\"twitter:label1\" content=\"Temps estimat de lectura\" \/>\n\t<meta name=\"twitter:data1\" content=\"1 minut\" \/>\n\t<meta name=\"twitter:label2\" content=\"Written by\" \/>\n\t<meta name=\"twitter:data2\" content=\"Lorena Padilla 2\" \/>\n<script type=\"application\/ld+json\" class=\"yoast-schema-graph\">{\"@context\":\"https:\/\/schema.org\",\"@graph\":[{\"@type\":\"WebPage\",\"@id\":\"https:\/\/www.emshi.gob.es\/comunicacion\/mediateca\/\",\"url\":\"https:\/\/www.emshi.gob.es\/comunicacion\/mediateca\/\",\"name\":\"Mediateca - EMSHI\",\"isPartOf\":{\"@id\":\"https:\/\/www.emshi.gob.es\/#website\"},\"datePublished\":\"2022-12-19T07:55:02+00:00\",\"dateModified\":\"2023-03-21T13:40:52+00:00\",\"breadcrumb\":{\"@id\":\"https:\/\/www.emshi.gob.es\/comunicacion\/mediateca\/#breadcrumb\"},\"inLanguage\":\"ca\",\"potentialAction\":[{\"@type\":\"ReadAction\",\"target\":[\"https:\/\/www.emshi.gob.es\/comunicacion\/mediateca\/\"]}]},{\"@type\":\"BreadcrumbList\",\"@id\":\"https:\/\/www.emshi.gob.es\/comunicacion\/mediateca\/#breadcrumb\",\"itemListElement\":[{\"@type\":\"ListItem\",\"position\":1,\"name\":\"Home\",\"item\":\"https:\/\/www.emshi.gob.es\/\"},{\"@type\":\"ListItem\",\"position\":2,\"name\":\"Comunicaci\u00f3n\",\"item\":\"https:\/\/www.emshi.gob.es\/comunicacion\/\"},{\"@type\":\"ListItem\",\"position\":3,\"name\":\"Mediateca\"}]},{\"@type\":\"WebSite\",\"@id\":\"https:\/\/www.emshi.gob.es\/#website\",\"url\":\"https:\/\/www.emshi.gob.es\/\",\"name\":\"EMSHI\",\"description\":\"\",\"publisher\":{\"@id\":\"https:\/\/www.emshi.gob.es\/#organization\"},\"potentialAction\":[{\"@type\":\"SearchAction\",\"target\":{\"@type\":\"EntryPoint\",\"urlTemplate\":\"https:\/\/www.emshi.gob.es\/?s={search_term_string}\"},\"query-input\":\"required name=search_term_string\"}],\"inLanguage\":\"ca\"},{\"@type\":\"Organization\",\"@id\":\"https:\/\/www.emshi.gob.es\/#organization\",\"name\":\"EMSHI\",\"url\":\"https:\/\/www.emshi.gob.es\/\",\"logo\":{\"@type\":\"ImageObject\",\"inLanguage\":\"ca\",\"@id\":\"https:\/\/www.emshi.gob.es\/#\/schema\/logo\/image\/\",\"url\":\"https:\/\/www.emshi.gob.es\/wp-content\/uploads\/2022\/11\/cropped-EMSHI_VersionEspecial_RGB_CAS.png\",\"contentUrl\":\"https:\/\/www.emshi.gob.es\/wp-content\/uploads\/2022\/11\/cropped-EMSHI_VersionEspecial_RGB_CAS.png\",\"width\":1966,\"height\":449,\"caption\":\"EMSHI\"},\"image\":{\"@id\":\"https:\/\/www.emshi.gob.es\/#\/schema\/logo\/image\/\"}}]}<\/script>\n<!-- \/ Yoast SEO plugin. -->","yoast_head_json":{"title":"Mediateca - EMSHI","robots":{"index":"index","follow":"follow","max-snippet":"max-snippet:-1","max-image-preview":"max-image-preview:large","max-video-preview":"max-video-preview:-1"},"canonical":"https:\/\/www.emshi.gob.es\/ca\/comunicacion\/mediateca\/","og_locale":"ca_ES","og_type":"article","og_title":"Mediateca - EMSHI","og_description":"Mediateca Galer\u00eda de fotos Galer\u00eda de v\u00eddeos","og_url":"https:\/\/www.emshi.gob.es\/ca\/comunicacion\/mediateca\/","og_site_name":"EMSHI","article_modified_time":"2023-03-21T13:40:52+00:00","twitter_card":"summary_large_image","twitter_misc":{"Temps estimat de lectura":"1 minut","Written by":"Lorena Padilla 2"},"schema":{"@context":"https:\/\/schema.org","@graph":[{"@type":"WebPage","@id":"https:\/\/www.emshi.gob.es\/comunicacion\/mediateca\/","url":"https:\/\/www.emshi.gob.es\/comunicacion\/mediateca\/","name":"Mediateca - EMSHI","isPartOf":{"@id":"https:\/\/www.emshi.gob.es\/#website"},"datePublished":"2022-12-19T07:55:02+00:00","dateModified":"2023-03-21T13:40:52+00:00","breadcrumb":{"@id":"https:\/\/www.emshi.gob.es\/comunicacion\/mediateca\/#breadcrumb"},"inLanguage":"ca","potentialAction":[{"@type":"ReadAction","target":["https:\/\/www.emshi.gob.es\/comunicacion\/mediateca\/"]}]},{"@type":"BreadcrumbList","@id":"https:\/\/www.emshi.gob.es\/comunicacion\/mediateca\/#breadcrumb","itemListElement":[{"@type":"ListItem","position":1,"name":"Home","item":"https:\/\/www.emshi.gob.es\/"},{"@type":"ListItem","position":2,"name":"Comunicaci\u00f3n","item":"https:\/\/www.emshi.gob.es\/comunicacion\/"},{"@type":"ListItem","position":3,"name":"Mediateca"}]},{"@type":"WebSite","@id":"https:\/\/www.emshi.gob.es\/#website","url":"https:\/\/www.emshi.gob.es\/","name":"L'EMSHI","description":"","publisher":{"@id":"https:\/\/www.emshi.gob.es\/#organization"},"potentialAction":[{"@type":"SearchAction","target":{"@type":"EntryPoint","urlTemplate":"https:\/\/www.emshi.gob.es\/?s={search_term_string}"},"query-input":"required name=search_term_string"}],"inLanguage":"ca"},{"@type":"Organization","@id":"https:\/\/www.emshi.gob.es\/#organization","name":"L'EMSHI","url":"https:\/\/www.emshi.gob.es\/","logo":{"@type":"ImageObject","inLanguage":"ca","@id":"https:\/\/www.emshi.gob.es\/#\/schema\/logo\/image\/","url":"https:\/\/www.emshi.gob.es\/wp-content\/uploads\/2022\/11\/cropped-EMSHI_VersionEspecial_RGB_CAS.png","contentUrl":"https:\/\/www.emshi.gob.es\/wp-content\/uploads\/2022\/11\/cropped-EMSHI_VersionEspecial_RGB_CAS.png","width":1966,"height":449,"caption":"EMSHI"},"image":{"@id":"https:\/\/www.emshi.gob.es\/#\/schema\/logo\/image\/"}}]}},"_links":{"self":[{"href":"https:\/\/www.emshi.gob.es\/ca\/wp-json\/wp\/v2\/pages\/6922"}],"collection":[{"href":"https:\/\/www.emshi.gob.es\/ca\/wp-json\/wp\/v2\/pages"}],"about":[{"href":"https:\/\/www.emshi.gob.es\/ca\/wp-json\/wp\/v2\/types\/page"}],"author":[{"embeddable":true,"href":"https:\/\/www.emshi.gob.es\/ca\/wp-json\/wp\/v2\/users\/25"}],"replies":[{"embeddable":true,"href":"https:\/\/www.emshi.gob.es\/ca\/wp-json\/wp\/v2\/comments?post=6922"}],"version-history":[{"count":25,"href":"https:\/\/www.emshi.gob.es\/ca\/wp-json\/wp\/v2\/pages\/6922\/revisions"}],"predecessor-version":[{"id":10062,"href":"https:\/\/www.emshi.gob.es\/ca\/wp-json\/wp\/v2\/pages\/6922\/revisions\/10062"}],"up":[{"embeddable":true,"href":"https:\/\/www.emshi.gob.es\/ca\/wp-json\/wp\/v2\/pages\/6972"}],"wp:attachment":[{"href":"https:\/\/www.emshi.gob.es\/ca\/wp-json\/wp\/v2\/media?parent=6922"}],"wp:term":[{"taxonomy":"author","embeddable":true,"href":"https:\/\/www.emshi.gob.es\/ca\/wp-json\/wp\/v2\/coauthors?post=6922"}],"curies":[{"name":"wp","href":"https:\/\/api.w.org\/{rel}","templated":true}]}}