{"id":7337,"date":"2022-12-26T12:54:57","date_gmt":"2022-12-26T11:54:57","guid":{"rendered":"https:\/\/vibrant-bhaskara.212-227-40-142.plesk.page\/?page_id=7337"},"modified":"2024-08-02T11:40:43","modified_gmt":"2024-08-02T09:40:43","slug":"redes","status":"publish","type":"page","link":"https:\/\/www.emshi.gob.es\/ca\/que-hacemos\/planes-de-inversion\/redes\/","title":{"rendered":"Xarxes"},"content":{"rendered":"<div data-elementor-type=\"wp-page\" data-elementor-id=\"7337\" class=\"elementor elementor-7337\">\n\t\t\t\t\t\t<section class=\"elementor-section elementor-top-section elementor-element elementor-element-3351542 elementor-section-boxed elementor-section-height-default elementor-section-height-default\" data-id=\"3351542\" data-element_type=\"section\" data-settings=\"{&quot;background_background&quot;:&quot;classic&quot;}\">\n\t\t\t\t\t\t<div class=\"elementor-container elementor-column-gap-default\">\n\t\t\t\t\t<div class=\"elementor-column elementor-col-100 elementor-top-column elementor-element elementor-element-c405a62\" data-id=\"c405a62\" data-element_type=\"column\">\n\t\t\t<div class=\"elementor-widget-wrap elementor-element-populated\">\n\t\t\t\t\t\t<div class=\"elementor-element elementor-element-75182f0 elementor-widget elementor-widget-spacer\" data-id=\"75182f0\" data-element_type=\"widget\" data-widget_type=\"spacer.default\">\n\t\t\t\t<div class=\"elementor-widget-container\">\n\t\t\t<style>\/*! elementor - v3.21.0 - 08-05-2024 *\/\n.elementor-column .elementor-spacer-inner{height:var(--spacer-size)}.e-con{--container-widget-width:100%}.e-con-inner>.elementor-widget-spacer,.e-con>.elementor-widget-spacer{width:var(--container-widget-width,var(--spacer-size));--align-self:var(--container-widget-align-self,initial);--flex-shrink:0}.e-con-inner>.elementor-widget-spacer>.elementor-widget-container,.e-con>.elementor-widget-spacer>.elementor-widget-container{height:100%;width:100%}.e-con-inner>.elementor-widget-spacer>.elementor-widget-container>.elementor-spacer,.e-con>.elementor-widget-spacer>.elementor-widget-container>.elementor-spacer{height:100%}.e-con-inner>.elementor-widget-spacer>.elementor-widget-container>.elementor-spacer>.elementor-spacer-inner,.e-con>.elementor-widget-spacer>.elementor-widget-container>.elementor-spacer>.elementor-spacer-inner{height:var(--container-widget-height,var(--spacer-size))}.e-con-inner>.elementor-widget-spacer.elementor-widget-empty,.e-con>.elementor-widget-spacer.elementor-widget-empty{position:relative;min-height:22px;min-width:22px}.e-con-inner>.elementor-widget-spacer.elementor-widget-empty .elementor-widget-empty-icon,.e-con>.elementor-widget-spacer.elementor-widget-empty .elementor-widget-empty-icon{position:absolute;top:0;bottom:0;left:0;right:0;margin:auto;padding:0;width:22px;height:22px}<\/style>\t\t<div class=\"elementor-spacer\">\n\t\t\t<div class=\"elementor-spacer-inner\"><\/div>\n\t\t<\/div>\n\t\t\t\t<\/div>\n\t\t\t\t<\/div>\n\t\t\t\t<div class=\"elementor-element elementor-element-bce493c elementor-widget elementor-widget-heading\" data-id=\"bce493c\" data-element_type=\"widget\" data-widget_type=\"heading.default\">\n\t\t\t\t<div class=\"elementor-widget-container\">\n\t\t\t<style>\/*! elementor - v3.21.0 - 08-05-2024 *\/\n.elementor-heading-title{padding:0;margin:0;line-height:1}.elementor-widget-heading .elementor-heading-title[class*=elementor-size-]>a{color:inherit;font-size:inherit;line-height:inherit}.elementor-widget-heading .elementor-heading-title.elementor-size-small{font-size:15px}.elementor-widget-heading .elementor-heading-title.elementor-size-medium{font-size:19px}.elementor-widget-heading .elementor-heading-title.elementor-size-large{font-size:29px}.elementor-widget-heading .elementor-heading-title.elementor-size-xl{font-size:39px}.elementor-widget-heading .elementor-heading-title.elementor-size-xxl{font-size:59px}<\/style><h1 class=\"elementor-heading-title elementor-size-default\">Xarxes<\/h1>\t\t<\/div>\n\t\t\t\t<\/div>\n\t\t\t\t<div class=\"elementor-element elementor-element-f74b59d elementor-widget elementor-widget-spacer\" data-id=\"f74b59d\" data-element_type=\"widget\" data-widget_type=\"spacer.default\">\n\t\t\t\t<div class=\"elementor-widget-container\">\n\t\t\t\t\t<div class=\"elementor-spacer\">\n\t\t\t<div class=\"elementor-spacer-inner\"><\/div>\n\t\t<\/div>\n\t\t\t\t<\/div>\n\t\t\t\t<\/div>\n\t\t\t\t\t<\/div>\n\t\t<\/div>\n\t\t\t\t\t<\/div>\n\t\t<\/section>\n\t\t\t\t<section class=\"elementor-section elementor-top-section elementor-element elementor-element-fb0fd7e elementor-section-boxed elementor-section-height-default elementor-section-height-default\" data-id=\"fb0fd7e\" data-element_type=\"section\">\n\t\t\t\t\t\t<div class=\"elementor-container elementor-column-gap-default\">\n\t\t\t\t\t<div class=\"elementor-column elementor-col-100 elementor-top-column elementor-element elementor-element-1e05703\" data-id=\"1e05703\" data-element_type=\"column\">\n\t\t\t<div class=\"elementor-widget-wrap elementor-element-populated\">\n\t\t\t\t\t\t<div class=\"elementor-element elementor-element-cf11dee elementor-widget elementor-widget-spacer\" data-id=\"cf11dee\" data-element_type=\"widget\" data-widget_type=\"spacer.default\">\n\t\t\t\t<div class=\"elementor-widget-container\">\n\t\t\t\t\t<div class=\"elementor-spacer\">\n\t\t\t<div class=\"elementor-spacer-inner\"><\/div>\n\t\t<\/div>\n\t\t\t\t<\/div>\n\t\t\t\t<\/div>\n\t\t\t\t\t<\/div>\n\t\t<\/div>\n\t\t\t\t\t<\/div>\n\t\t<\/section>\n\t\t\t\t<section class=\"elementor-section elementor-top-section elementor-element elementor-element-16fcc50 elementor-section-boxed elementor-section-height-default elementor-section-height-default\" data-id=\"16fcc50\" data-element_type=\"section\">\n\t\t\t\t\t\t<div class=\"elementor-container elementor-column-gap-default\">\n\t\t\t\t\t<div class=\"elementor-column elementor-col-100 elementor-top-column elementor-element elementor-element-310c603\" data-id=\"310c603\" data-element_type=\"column\">\n\t\t\t<div class=\"elementor-widget-wrap elementor-element-populated\">\n\t\t\t\t\t\t<div class=\"elementor-element elementor-element-d574966 elementor-view-framed elementor-shape-circle elementor-position-top elementor-mobile-position-top elementor-widget elementor-widget-icon-box\" data-id=\"d574966\" data-element_type=\"widget\" data-widget_type=\"icon-box.default\">\n\t\t\t\t<div class=\"elementor-widget-container\">\n\t\t\t<link rel=\"stylesheet\" href=\"https:\/\/www.emshi.gob.es\/wp-content\/plugins\/elementor\/assets\/css\/widget-icon-box.min.css\">\t\t<div class=\"elementor-icon-box-wrapper\">\n\n\t\t\t\t\t\t<div class=\"elementor-icon-box-icon\">\n\t\t\t\t<a href=\"https:\/\/emshi.transparencialocal.gob.es\/es_ES\/categoria\/institucional\/planes\" target=\"_blank\" rel=\"nofollow\" class=\"elementor-icon elementor-animation-\" tabindex=\"-1\">\n\t\t\t\t<i aria-hidden=\"true\" class=\"fas fa-globe\"><\/i>\t\t\t\t<\/a>\n\t\t\t<\/div>\n\t\t\t\n\t\t\t\t\t\t<div class=\"elementor-icon-box-content\">\n\n\t\t\t\t\t\t\t\t\t<h3 class=\"elementor-icon-box-title\">\n\t\t\t\t\t\t<a href=\"https:\/\/emshi.transparencialocal.gob.es\/es_ES\/categoria\/institucional\/planes\" target=\"_blank\" rel=\"nofollow\" >\n\t\t\t\t\t\t\tVeure plans d'inversi\u00f3 de xarxes\t\t\t\t\t\t<\/a>\n\t\t\t\t\t<\/h3>\n\t\t\t\t\n\t\t\t\t\n\t\t\t<\/div>\n\t\t\t\n\t\t<\/div>\n\t\t\t\t<\/div>\n\t\t\t\t<\/div>\n\t\t\t\t<div class=\"elementor-element elementor-element-f3b9da2 elementor-view-framed elementor-shape-circle elementor-position-top elementor-mobile-position-top elementor-widget elementor-widget-icon-box\" data-id=\"f3b9da2\" data-element_type=\"widget\" data-widget_type=\"icon-box.default\">\n\t\t\t\t<div class=\"elementor-widget-container\">\n\t\t\t\t\t<div class=\"elementor-icon-box-wrapper\">\n\n\t\t\t\t\t\t<div class=\"elementor-icon-box-icon\">\n\t\t\t\t<a href=\"https:\/\/www.emshi.gob.es\/ca\/documentacion-tecnica-descargas\/\" target=\"_blank\" rel=\"nofollow\" class=\"elementor-icon elementor-animation-\" tabindex=\"-1\">\n\t\t\t\t<i aria-hidden=\"true\" class=\"fas fa-link\"><\/i>\t\t\t\t<\/a>\n\t\t\t<\/div>\n\t\t\t\n\t\t\t\t\t\t<div class=\"elementor-icon-box-content\">\n\n\t\t\t\t\t\t\t\t\t<h3 class=\"elementor-icon-box-title\">\n\t\t\t\t\t\t<a href=\"https:\/\/www.emshi.gob.es\/ca\/documentacion-tecnica-descargas\/\" target=\"_blank\" rel=\"nofollow\" >\n\t\t\t\t\t\t\tDocumentaci\u00f3n T\u00e9cnica. Descargas\t\t\t\t\t\t<\/a>\n\t\t\t\t\t<\/h3>\n\t\t\t\t\n\t\t\t\t\n\t\t\t<\/div>\n\t\t\t\n\t\t<\/div>\n\t\t\t\t<\/div>\n\t\t\t\t<\/div>\n\t\t\t\t\t<\/div>\n\t\t<\/div>\n\t\t\t\t\t<\/div>\n\t\t<\/section>\n\t\t\t\t<section class=\"elementor-section elementor-top-section elementor-element elementor-element-a35ba46 elementor-section-boxed elementor-section-height-default elementor-section-height-default\" data-id=\"a35ba46\" data-element_type=\"section\">\n\t\t\t\t\t\t<div class=\"elementor-container elementor-column-gap-default\">\n\t\t\t\t\t<div class=\"elementor-column elementor-col-100 elementor-top-column elementor-element elementor-element-af085ca\" data-id=\"af085ca\" data-element_type=\"column\">\n\t\t\t<div class=\"elementor-widget-wrap elementor-element-populated\">\n\t\t\t\t\t\t<div class=\"elementor-element elementor-element-3a52086 elementor-widget elementor-widget-spacer\" data-id=\"3a52086\" data-element_type=\"widget\" data-widget_type=\"spacer.default\">\n\t\t\t\t<div class=\"elementor-widget-container\">\n\t\t\t\t\t<div class=\"elementor-spacer\">\n\t\t\t<div class=\"elementor-spacer-inner\"><\/div>\n\t\t<\/div>\n\t\t\t\t<\/div>\n\t\t\t\t<\/div>\n\t\t\t\t\t<\/div>\n\t\t<\/div>\n\t\t\t\t\t<\/div>\n\t\t<\/section>\n\t\t\t\t<\/div>","protected":false},"excerpt":{"rendered":"<p>Redes Ver planes de inversi\u00f3n de redes Documentaci\u00f3n T\u00e9cnica. Descargas<\/p>","protected":false},"author":26,"featured_media":0,"parent":7328,"menu_order":0,"comment_status":"closed","ping_status":"closed","template":"","meta":{"_monsterinsights_skip_tracking":false,"_monsterinsights_sitenote_active":false,"_monsterinsights_sitenote_note":"","_monsterinsights_sitenote_category":0,"site-sidebar-layout":"no-sidebar","site-content-layout":"page-builder","ast-site-content-layout":"default","site-content-style":"default","site-sidebar-style":"default","ast-global-header-display":"","ast-banner-title-visibility":"","ast-main-header-display":"","ast-hfb-above-header-display":"","ast-hfb-below-header-display":"","ast-hfb-mobile-header-display":"","site-post-title":"disabled","ast-breadcrumbs-content":"","ast-featured-img":"disabled","footer-sml-layout":"","ast-disable-related-posts":"","theme-transparent-header-meta":"","adv-header-id-meta":"","stick-header-meta":"","header-above-stick-meta":"","header-main-stick-meta":"","header-below-stick-meta":"","astra-migrate-meta-layouts":"default","ast-page-background-enabled":"default","ast-page-background-meta":{"desktop":{"background-color":"var(--ast-global-color-4)","background-image":"","background-repeat":"repeat","background-position":"center center","background-size":"auto","background-attachment":"scroll","background-type":"","background-media":"","overlay-type":"","overlay-color":"","overlay-opacity":"","overlay-gradient":""},"tablet":{"background-color":"","background-image":"","background-repeat":"repeat","background-position":"center center","background-size":"auto","background-attachment":"scroll","background-type":"","background-media":"","overlay-type":"","overlay-color":"","overlay-opacity":"","overlay-gradient":""},"mobile":{"background-color":"","background-image":"","background-repeat":"repeat","background-position":"center center","background-size":"auto","background-attachment":"scroll","background-type":"","background-media":"","overlay-type":"","overlay-color":"","overlay-opacity":"","overlay-gradient":""}},"ast-content-background-meta":{"desktop":{"background-color":"var(--ast-global-color-5)","background-image":"","background-repeat":"repeat","background-position":"center center","background-size":"auto","background-attachment":"scroll","background-type":"","background-media":"","overlay-type":"","overlay-color":"","overlay-opacity":"","overlay-gradient":""},"tablet":{"background-color":"var(--ast-global-color-5)","background-image":"","background-repeat":"repeat","background-position":"center center","background-size":"auto","background-attachment":"scroll","background-type":"","background-media":"","overlay-type":"","overlay-color":"","overlay-opacity":"","overlay-gradient":""},"mobile":{"background-color":"var(--ast-global-color-5)","background-image":"","background-repeat":"repeat","background-position":"center center","background-size":"auto","background-attachment":"scroll","background-type":"","background-media":"","overlay-type":"","overlay-color":"","overlay-opacity":"","overlay-gradient":""}},"footnotes":""},"coauthors":[50,51,48,64],"yoast_head":"<!-- This site is optimized with the Yoast SEO plugin v21.8 - https:\/\/yoast.com\/wordpress\/plugins\/seo\/ -->\n<title>Redes - EMSHI<\/title>\n<meta name=\"robots\" content=\"index, follow, max-snippet:-1, max-image-preview:large, max-video-preview:-1\" \/>\n<link rel=\"canonical\" href=\"https:\/\/www.emshi.gob.es\/ca\/que-hacemos\/planes-de-inversion\/redes\/\" \/>\n<meta property=\"og:locale\" content=\"ca_ES\" \/>\n<meta property=\"og:type\" content=\"article\" \/>\n<meta property=\"og:title\" content=\"Redes - EMSHI\" \/>\n<meta property=\"og:description\" content=\"Redes Ver planes de inversi\u00f3n de redes Documentaci\u00f3n T\u00e9cnica. Descargas\" \/>\n<meta property=\"og:url\" content=\"https:\/\/www.emshi.gob.es\/ca\/que-hacemos\/planes-de-inversion\/redes\/\" \/>\n<meta property=\"og:site_name\" content=\"EMSHI\" \/>\n<meta property=\"article:modified_time\" content=\"2024-08-02T09:40:43+00:00\" \/>\n<meta name=\"twitter:card\" content=\"summary_large_image\" \/>\n<meta name=\"twitter:label1\" content=\"Temps estimat de lectura\" \/>\n\t<meta name=\"twitter:data1\" content=\"1 minut\" \/>\n\t<meta name=\"twitter:label2\" content=\"Written by\" \/>\n\t<meta name=\"twitter:data2\" content=\"Julio Berj\u00f3n Sarmiento, Rosa Baixaul\u00ed Sospedra, Cristina Mart\u00ednez Collado, TechScribeOdec\" \/>\n<script type=\"application\/ld+json\" class=\"yoast-schema-graph\">{\"@context\":\"https:\/\/schema.org\",\"@graph\":[{\"@type\":\"WebPage\",\"@id\":\"https:\/\/www.emshi.gob.es\/que-hacemos\/planes-de-inversion\/redes\/\",\"url\":\"https:\/\/www.emshi.gob.es\/que-hacemos\/planes-de-inversion\/redes\/\",\"name\":\"Redes - EMSHI\",\"isPartOf\":{\"@id\":\"https:\/\/www.emshi.gob.es\/#website\"},\"datePublished\":\"2022-12-26T11:54:57+00:00\",\"dateModified\":\"2024-08-02T09:40:43+00:00\",\"breadcrumb\":{\"@id\":\"https:\/\/www.emshi.gob.es\/que-hacemos\/planes-de-inversion\/redes\/#breadcrumb\"},\"inLanguage\":\"ca\",\"potentialAction\":[{\"@type\":\"ReadAction\",\"target\":[\"https:\/\/www.emshi.gob.es\/que-hacemos\/planes-de-inversion\/redes\/\"]}]},{\"@type\":\"BreadcrumbList\",\"@id\":\"https:\/\/www.emshi.gob.es\/que-hacemos\/planes-de-inversion\/redes\/#breadcrumb\",\"itemListElement\":[{\"@type\":\"ListItem\",\"position\":1,\"name\":\"Home\",\"item\":\"https:\/\/www.emshi.gob.es\/\"},{\"@type\":\"ListItem\",\"position\":2,\"name\":\"Qu\u00e9 hacemos\",\"item\":\"https:\/\/www.emshi.gob.es\/que-hacemos\/\"},{\"@type\":\"ListItem\",\"position\":3,\"name\":\"Planes de inversi\u00f3n\",\"item\":\"https:\/\/www.emshi.gob.es\/que-hacemos\/planes-de-inversion\/\"},{\"@type\":\"ListItem\",\"position\":4,\"name\":\"Redes\"}]},{\"@type\":\"WebSite\",\"@id\":\"https:\/\/www.emshi.gob.es\/#website\",\"url\":\"https:\/\/www.emshi.gob.es\/\",\"name\":\"EMSHI\",\"description\":\"\",\"publisher\":{\"@id\":\"https:\/\/www.emshi.gob.es\/#organization\"},\"potentialAction\":[{\"@type\":\"SearchAction\",\"target\":{\"@type\":\"EntryPoint\",\"urlTemplate\":\"https:\/\/www.emshi.gob.es\/?s={search_term_string}\"},\"query-input\":\"required name=search_term_string\"}],\"inLanguage\":\"ca\"},{\"@type\":\"Organization\",\"@id\":\"https:\/\/www.emshi.gob.es\/#organization\",\"name\":\"EMSHI\",\"url\":\"https:\/\/www.emshi.gob.es\/\",\"logo\":{\"@type\":\"ImageObject\",\"inLanguage\":\"ca\",\"@id\":\"https:\/\/www.emshi.gob.es\/#\/schema\/logo\/image\/\",\"url\":\"https:\/\/www.emshi.gob.es\/wp-content\/uploads\/2022\/11\/cropped-EMSHI_VersionEspecial_RGB_CAS.png\",\"contentUrl\":\"https:\/\/www.emshi.gob.es\/wp-content\/uploads\/2022\/11\/cropped-EMSHI_VersionEspecial_RGB_CAS.png\",\"width\":1966,\"height\":449,\"caption\":\"EMSHI\"},\"image\":{\"@id\":\"https:\/\/www.emshi.gob.es\/#\/schema\/logo\/image\/\"}}]}<\/script>\n<!-- \/ Yoast SEO plugin. -->","yoast_head_json":{"title":"Redes - EMSHI","robots":{"index":"index","follow":"follow","max-snippet":"max-snippet:-1","max-image-preview":"max-image-preview:large","max-video-preview":"max-video-preview:-1"},"canonical":"https:\/\/www.emshi.gob.es\/ca\/que-hacemos\/planes-de-inversion\/redes\/","og_locale":"ca_ES","og_type":"article","og_title":"Redes - EMSHI","og_description":"Redes Ver planes de inversi\u00f3n de redes Documentaci\u00f3n T\u00e9cnica. Descargas","og_url":"https:\/\/www.emshi.gob.es\/ca\/que-hacemos\/planes-de-inversion\/redes\/","og_site_name":"EMSHI","article_modified_time":"2024-08-02T09:40:43+00:00","twitter_card":"summary_large_image","twitter_misc":{"Temps estimat de lectura":"1 minut","Written by":"Julio Berj\u00f3n Sarmiento, Rosa Baixaul\u00ed Sospedra, Cristina Mart\u00ednez Collado, TechScribeOdec"},"schema":{"@context":"https:\/\/schema.org","@graph":[{"@type":"WebPage","@id":"https:\/\/www.emshi.gob.es\/que-hacemos\/planes-de-inversion\/redes\/","url":"https:\/\/www.emshi.gob.es\/que-hacemos\/planes-de-inversion\/redes\/","name":"Redes - EMSHI","isPartOf":{"@id":"https:\/\/www.emshi.gob.es\/#website"},"datePublished":"2022-12-26T11:54:57+00:00","dateModified":"2024-08-02T09:40:43+00:00","breadcrumb":{"@id":"https:\/\/www.emshi.gob.es\/que-hacemos\/planes-de-inversion\/redes\/#breadcrumb"},"inLanguage":"ca","potentialAction":[{"@type":"ReadAction","target":["https:\/\/www.emshi.gob.es\/que-hacemos\/planes-de-inversion\/redes\/"]}]},{"@type":"BreadcrumbList","@id":"https:\/\/www.emshi.gob.es\/que-hacemos\/planes-de-inversion\/redes\/#breadcrumb","itemListElement":[{"@type":"ListItem","position":1,"name":"Home","item":"https:\/\/www.emshi.gob.es\/"},{"@type":"ListItem","position":2,"name":"Qu\u00e9 hacemos","item":"https:\/\/www.emshi.gob.es\/que-hacemos\/"},{"@type":"ListItem","position":3,"name":"Planes de inversi\u00f3n","item":"https:\/\/www.emshi.gob.es\/que-hacemos\/planes-de-inversion\/"},{"@type":"ListItem","position":4,"name":"Redes"}]},{"@type":"WebSite","@id":"https:\/\/www.emshi.gob.es\/#website","url":"https:\/\/www.emshi.gob.es\/","name":"L'EMSHI","description":"","publisher":{"@id":"https:\/\/www.emshi.gob.es\/#organization"},"potentialAction":[{"@type":"SearchAction","target":{"@type":"EntryPoint","urlTemplate":"https:\/\/www.emshi.gob.es\/?s={search_term_string}"},"query-input":"required name=search_term_string"}],"inLanguage":"ca"},{"@type":"Organization","@id":"https:\/\/www.emshi.gob.es\/#organization","name":"L'EMSHI","url":"https:\/\/www.emshi.gob.es\/","logo":{"@type":"ImageObject","inLanguage":"ca","@id":"https:\/\/www.emshi.gob.es\/#\/schema\/logo\/image\/","url":"https:\/\/www.emshi.gob.es\/wp-content\/uploads\/2022\/11\/cropped-EMSHI_VersionEspecial_RGB_CAS.png","contentUrl":"https:\/\/www.emshi.gob.es\/wp-content\/uploads\/2022\/11\/cropped-EMSHI_VersionEspecial_RGB_CAS.png","width":1966,"height":449,"caption":"EMSHI"},"image":{"@id":"https:\/\/www.emshi.gob.es\/#\/schema\/logo\/image\/"}}]}},"_links":{"self":[{"href":"https:\/\/www.emshi.gob.es\/ca\/wp-json\/wp\/v2\/pages\/7337"}],"collection":[{"href":"https:\/\/www.emshi.gob.es\/ca\/wp-json\/wp\/v2\/pages"}],"about":[{"href":"https:\/\/www.emshi.gob.es\/ca\/wp-json\/wp\/v2\/types\/page"}],"author":[{"embeddable":true,"href":"https:\/\/www.emshi.gob.es\/ca\/wp-json\/wp\/v2\/users\/26"}],"replies":[{"embeddable":true,"href":"https:\/\/www.emshi.gob.es\/ca\/wp-json\/wp\/v2\/comments?post=7337"}],"version-history":[{"count":79,"href":"https:\/\/www.emshi.gob.es\/ca\/wp-json\/wp\/v2\/pages\/7337\/revisions"}],"predecessor-version":[{"id":11262,"href":"https:\/\/www.emshi.gob.es\/ca\/wp-json\/wp\/v2\/pages\/7337\/revisions\/11262"}],"up":[{"embeddable":true,"href":"https:\/\/www.emshi.gob.es\/ca\/wp-json\/wp\/v2\/pages\/7328"}],"wp:attachment":[{"href":"https:\/\/www.emshi.gob.es\/ca\/wp-json\/wp\/v2\/media?parent=7337"}],"wp:term":[{"taxonomy":"author","embeddable":true,"href":"https:\/\/www.emshi.gob.es\/ca\/wp-json\/wp\/v2\/coauthors?post=7337"}],"curies":[{"name":"wp","href":"https:\/\/api.w.org\/{rel}","templated":true}]}}