{"id":7670,"date":"2022-12-28T13:21:38","date_gmt":"2022-12-28T12:21:38","guid":{"rendered":"https:\/\/vibrant-bhaskara.212-227-40-142.plesk.page\/?page_id=7670"},"modified":"2023-06-05T08:49:00","modified_gmt":"2023-06-05T06:49:00","slug":"redes-del-servicio-de-agua-en-alta","status":"publish","type":"page","link":"https:\/\/www.emshi.gob.es\/ca\/que-hacemos\/redes-del-servicio-de-agua-en-alta\/","title":{"rendered":"Xarxes del servei d'aigua en alta"},"content":{"rendered":"<div data-elementor-type=\"wp-page\" data-elementor-id=\"7670\" class=\"elementor elementor-7670\">\n\t\t\t\t\t\t<section class=\"elementor-section elementor-top-section elementor-element elementor-element-e864d1a elementor-section-boxed elementor-section-height-default elementor-section-height-default\" data-id=\"e864d1a\" data-element_type=\"section\" data-settings=\"{&quot;background_background&quot;:&quot;classic&quot;}\">\n\t\t\t\t\t\t<div class=\"elementor-container elementor-column-gap-default\">\n\t\t\t\t\t<div class=\"elementor-column elementor-col-100 elementor-top-column elementor-element elementor-element-b45eeb6\" data-id=\"b45eeb6\" data-element_type=\"column\">\n\t\t\t<div class=\"elementor-widget-wrap elementor-element-populated\">\n\t\t\t\t\t\t<div class=\"elementor-element elementor-element-57645d1 elementor-widget elementor-widget-spacer\" data-id=\"57645d1\" data-element_type=\"widget\" data-widget_type=\"spacer.default\">\n\t\t\t\t<div class=\"elementor-widget-container\">\n\t\t\t<style>\/*! elementor - v3.21.0 - 08-05-2024 *\/\n.elementor-column .elementor-spacer-inner{height:var(--spacer-size)}.e-con{--container-widget-width:100%}.e-con-inner>.elementor-widget-spacer,.e-con>.elementor-widget-spacer{width:var(--container-widget-width,var(--spacer-size));--align-self:var(--container-widget-align-self,initial);--flex-shrink:0}.e-con-inner>.elementor-widget-spacer>.elementor-widget-container,.e-con>.elementor-widget-spacer>.elementor-widget-container{height:100%;width:100%}.e-con-inner>.elementor-widget-spacer>.elementor-widget-container>.elementor-spacer,.e-con>.elementor-widget-spacer>.elementor-widget-container>.elementor-spacer{height:100%}.e-con-inner>.elementor-widget-spacer>.elementor-widget-container>.elementor-spacer>.elementor-spacer-inner,.e-con>.elementor-widget-spacer>.elementor-widget-container>.elementor-spacer>.elementor-spacer-inner{height:var(--container-widget-height,var(--spacer-size))}.e-con-inner>.elementor-widget-spacer.elementor-widget-empty,.e-con>.elementor-widget-spacer.elementor-widget-empty{position:relative;min-height:22px;min-width:22px}.e-con-inner>.elementor-widget-spacer.elementor-widget-empty .elementor-widget-empty-icon,.e-con>.elementor-widget-spacer.elementor-widget-empty .elementor-widget-empty-icon{position:absolute;top:0;bottom:0;left:0;right:0;margin:auto;padding:0;width:22px;height:22px}<\/style>\t\t<div class=\"elementor-spacer\">\n\t\t\t<div class=\"elementor-spacer-inner\"><\/div>\n\t\t<\/div>\n\t\t\t\t<\/div>\n\t\t\t\t<\/div>\n\t\t\t\t<div class=\"elementor-element elementor-element-050a93c elementor-widget elementor-widget-heading\" data-id=\"050a93c\" data-element_type=\"widget\" data-widget_type=\"heading.default\">\n\t\t\t\t<div class=\"elementor-widget-container\">\n\t\t\t<style>\/*! elementor - v3.21.0 - 08-05-2024 *\/\n.elementor-heading-title{padding:0;margin:0;line-height:1}.elementor-widget-heading .elementor-heading-title[class*=elementor-size-]>a{color:inherit;font-size:inherit;line-height:inherit}.elementor-widget-heading .elementor-heading-title.elementor-size-small{font-size:15px}.elementor-widget-heading .elementor-heading-title.elementor-size-medium{font-size:19px}.elementor-widget-heading .elementor-heading-title.elementor-size-large{font-size:29px}.elementor-widget-heading .elementor-heading-title.elementor-size-xl{font-size:39px}.elementor-widget-heading .elementor-heading-title.elementor-size-xxl{font-size:59px}<\/style><h1 class=\"elementor-heading-title elementor-size-default\">Xarxes del servei d'aigua en alta<\/h1>\t\t<\/div>\n\t\t\t\t<\/div>\n\t\t\t\t<div class=\"elementor-element elementor-element-7e0bfc5 elementor-widget elementor-widget-spacer\" data-id=\"7e0bfc5\" data-element_type=\"widget\" data-widget_type=\"spacer.default\">\n\t\t\t\t<div class=\"elementor-widget-container\">\n\t\t\t\t\t<div class=\"elementor-spacer\">\n\t\t\t<div class=\"elementor-spacer-inner\"><\/div>\n\t\t<\/div>\n\t\t\t\t<\/div>\n\t\t\t\t<\/div>\n\t\t\t\t\t<\/div>\n\t\t<\/div>\n\t\t\t\t\t<\/div>\n\t\t<\/section>\n\t\t\t\t<section class=\"elementor-section elementor-top-section elementor-element elementor-element-3967d73 elementor-section-boxed elementor-section-height-default elementor-section-height-default\" data-id=\"3967d73\" data-element_type=\"section\">\n\t\t\t\t\t\t<div class=\"elementor-container elementor-column-gap-default\">\n\t\t\t\t\t<div class=\"elementor-column elementor-col-100 elementor-top-column elementor-element elementor-element-8cba9cf\" data-id=\"8cba9cf\" data-element_type=\"column\">\n\t\t\t<div class=\"elementor-widget-wrap elementor-element-populated\">\n\t\t\t\t\t\t<div class=\"elementor-element elementor-element-b7e4ccf elementor-widget elementor-widget-spacer\" data-id=\"b7e4ccf\" data-element_type=\"widget\" data-widget_type=\"spacer.default\">\n\t\t\t\t<div class=\"elementor-widget-container\">\n\t\t\t\t\t<div class=\"elementor-spacer\">\n\t\t\t<div class=\"elementor-spacer-inner\"><\/div>\n\t\t<\/div>\n\t\t\t\t<\/div>\n\t\t\t\t<\/div>\n\t\t\t\t\t<\/div>\n\t\t<\/div>\n\t\t\t\t\t<\/div>\n\t\t<\/section>\n\t\t\t\t<section class=\"elementor-section elementor-top-section elementor-element elementor-element-26ee7b6 elementor-section-boxed elementor-section-height-default elementor-section-height-default\" data-id=\"26ee7b6\" data-element_type=\"section\">\n\t\t\t\t\t\t<div class=\"elementor-container elementor-column-gap-default\">\n\t\t\t\t\t<div class=\"elementor-column elementor-col-100 elementor-top-column elementor-element elementor-element-b1064a0\" data-id=\"b1064a0\" data-element_type=\"column\">\n\t\t\t<div class=\"elementor-widget-wrap elementor-element-populated\">\n\t\t\t\t\t\t<div class=\"elementor-element elementor-element-e53296e elementor-widget elementor-widget-text-editor\" data-id=\"e53296e\" data-element_type=\"widget\" data-widget_type=\"text-editor.default\">\n\t\t\t\t<div class=\"elementor-widget-container\">\n\t\t\t<style>\/*! elementor - v3.21.0 - 08-05-2024 *\/\n.elementor-widget-text-editor.elementor-drop-cap-view-stacked .elementor-drop-cap{background-color:#69727d;color:#fff}.elementor-widget-text-editor.elementor-drop-cap-view-framed .elementor-drop-cap{color:#69727d;border:3px solid;background-color:transparent}.elementor-widget-text-editor:not(.elementor-drop-cap-view-default) .elementor-drop-cap{margin-top:8px}.elementor-widget-text-editor:not(.elementor-drop-cap-view-default) .elementor-drop-cap-letter{width:1em;height:1em}.elementor-widget-text-editor .elementor-drop-cap{float:left;text-align:center;line-height:1;font-size:50px}.elementor-widget-text-editor .elementor-drop-cap-letter{display:inline-block}<\/style>\t\t\t\tM\u00e9s de 210 quil\u00f2metres de canonades de di\u00e0metres de 200 a 1600 mm conformen el Sistema B\u00e0sic Metropolit\u00e0 de distribuci\u00f3. Mitjan\u00e7ant aquestes conduccions es transporta l'aigua des de ETAPS als municipis membres de l'EMSHI, comptant cada municipi amb un o diversos punts de lliurament a partir dels quals cada Ajuntament realitza la distribuci\u00f3 mitjan\u00e7ant la seua xarxa de prove\u00efment en baixa.\t\t\t\t\t\t<\/div>\n\t\t\t\t<\/div>\n\t\t\t\t<div class=\"elementor-element elementor-element-e9a02ee elementor-widget elementor-widget-text-editor\" data-id=\"e9a02ee\" data-element_type=\"widget\" data-widget_type=\"text-editor.default\">\n\t\t\t\t<div class=\"elementor-widget-container\">\n\t\t\t\t\t\t\tIntercalats en el sistema de distribuci\u00f3 metropolit\u00e0 trobem dep\u00f2sits d'emmagatzematge i regulaci\u00f3 del volum global de la qual supera els 320.000 m<sup>3.<\/sup>\t\t\t\t\t\t<\/div>\n\t\t\t\t<\/div>\n\t\t\t\t\t<\/div>\n\t\t<\/div>\n\t\t\t\t\t<\/div>\n\t\t<\/section>\n\t\t\t\t<section class=\"elementor-section elementor-top-section elementor-element elementor-element-1c8f0f6 elementor-section-boxed elementor-section-height-default elementor-section-height-default\" data-id=\"1c8f0f6\" data-element_type=\"section\">\n\t\t\t\t\t\t<div class=\"elementor-container elementor-column-gap-default\">\n\t\t\t\t\t<div class=\"elementor-column elementor-col-100 elementor-top-column elementor-element elementor-element-f11358a\" data-id=\"f11358a\" data-element_type=\"column\">\n\t\t\t<div class=\"elementor-widget-wrap elementor-element-populated\">\n\t\t\t\t\t\t<div class=\"elementor-element elementor-element-77f9c13 elementor-widget elementor-widget-image\" data-id=\"77f9c13\" data-element_type=\"widget\" data-widget_type=\"image.default\">\n\t\t\t\t<div class=\"elementor-widget-container\">\n\t\t\t<style>\/*! elementor - v3.21.0 - 08-05-2024 *\/\n.elementor-widget-image{text-align:center}.elementor-widget-image a{display:inline-block}.elementor-widget-image a img[src$=\".svg\"]{width:48px}.elementor-widget-image img{vertical-align:middle;display:inline-block}<\/style>\t\t\t\t\t\t\t\t\t\t\t<a href=\"https:\/\/www.emshi.gob.es\/wp-content\/uploads\/2023\/01\/PLANO-ESQUEMA-EMSHI-2022.pdf\" target=\"_blank\">\n\t\t\t\t\t\t\t<img fetchpriority=\"high\" decoding=\"async\" width=\"4331\" height=\"6456\" src=\"https:\/\/www.emshi.gob.es\/wp-content\/uploads\/2023\/01\/PLANO-ESQUEMA-EMSHI-2022-1.png\" class=\"attachment-full size-full wp-image-8862\" alt=\"\" srcset=\"https:\/\/www.emshi.gob.es\/wp-content\/uploads\/2023\/01\/PLANO-ESQUEMA-EMSHI-2022-1.png 4331w, https:\/\/www.emshi.gob.es\/wp-content\/uploads\/2023\/01\/PLANO-ESQUEMA-EMSHI-2022-1-201x300.png 201w, https:\/\/www.emshi.gob.es\/wp-content\/uploads\/2023\/01\/PLANO-ESQUEMA-EMSHI-2022-1-687x1024.png 687w, https:\/\/www.emshi.gob.es\/wp-content\/uploads\/2023\/01\/PLANO-ESQUEMA-EMSHI-2022-1-768x1145.png 768w, https:\/\/www.emshi.gob.es\/wp-content\/uploads\/2023\/01\/PLANO-ESQUEMA-EMSHI-2022-1-1030x1536.png 1030w, https:\/\/www.emshi.gob.es\/wp-content\/uploads\/2023\/01\/PLANO-ESQUEMA-EMSHI-2022-1-1374x2048.png 1374w, https:\/\/www.emshi.gob.es\/wp-content\/uploads\/2023\/01\/PLANO-ESQUEMA-EMSHI-2022-1-8x12.png 8w\" sizes=\"(max-width: 4331px) 100vw, 4331px\" \/>\t\t\t\t\t\t\t\t<\/a>\n\t\t\t\t\t\t\t\t\t\t\t\t\t<\/div>\n\t\t\t\t<\/div>\n\t\t\t\t\t<\/div>\n\t\t<\/div>\n\t\t\t\t\t<\/div>\n\t\t<\/section>\n\t\t\t\t<section class=\"elementor-section elementor-top-section elementor-element elementor-element-410cccd elementor-section-boxed elementor-section-height-default elementor-section-height-default\" data-id=\"410cccd\" data-element_type=\"section\">\n\t\t\t\t\t\t<div class=\"elementor-container elementor-column-gap-default\">\n\t\t\t\t\t<div class=\"elementor-column elementor-col-100 elementor-top-column elementor-element elementor-element-b05356d\" data-id=\"b05356d\" data-element_type=\"column\">\n\t\t\t<div class=\"elementor-widget-wrap elementor-element-populated\">\n\t\t\t\t\t\t<div class=\"elementor-element elementor-element-a19cabd elementor-widget elementor-widget-spacer\" data-id=\"a19cabd\" data-element_type=\"widget\" data-widget_type=\"spacer.default\">\n\t\t\t\t<div class=\"elementor-widget-container\">\n\t\t\t\t\t<div class=\"elementor-spacer\">\n\t\t\t<div class=\"elementor-spacer-inner\"><\/div>\n\t\t<\/div>\n\t\t\t\t<\/div>\n\t\t\t\t<\/div>\n\t\t\t\t\t<\/div>\n\t\t<\/div>\n\t\t\t\t\t<\/div>\n\t\t<\/section>\n\t\t\t\t<\/div>","protected":false},"excerpt":{"rendered":"<p>Redes del servicio de agua en alta M\u00e1s de 210 kil\u00f3metros de tuber\u00edas de di\u00e1metros de 200 a 1600 mm conforman el Sistema B\u00e1sico Metropolitano de distribuci\u00f3n. Mediante dichas conducciones se transporta el agua desde ETAPS a los municipios miembros de la EMSHI, contando cada municipio con uno o varios puntos de entrega a partir [&hellip;]<\/p>","protected":false},"author":26,"featured_media":0,"parent":7313,"menu_order":0,"comment_status":"closed","ping_status":"closed","template":"","meta":{"_monsterinsights_skip_tracking":false,"_monsterinsights_sitenote_active":false,"_monsterinsights_sitenote_note":"","_monsterinsights_sitenote_category":0,"site-sidebar-layout":"no-sidebar","site-content-layout":"page-builder","ast-site-content-layout":"default","site-content-style":"default","site-sidebar-style":"default","ast-global-header-display":"","ast-banner-title-visibility":"","ast-main-header-display":"","ast-hfb-above-header-display":"","ast-hfb-below-header-display":"","ast-hfb-mobile-header-display":"","site-post-title":"disabled","ast-breadcrumbs-content":"","ast-featured-img":"disabled","footer-sml-layout":"","ast-disable-related-posts":"","theme-transparent-header-meta":"","adv-header-id-meta":"","stick-header-meta":"","header-above-stick-meta":"","header-main-stick-meta":"","header-below-stick-meta":"","astra-migrate-meta-layouts":"default","ast-page-background-enabled":"default","ast-page-background-meta":{"desktop":{"background-color":"var(--ast-global-color-4)","background-image":"","background-repeat":"repeat","background-position":"center center","background-size":"auto","background-attachment":"scroll","background-type":"","background-media":"","overlay-type":"","overlay-color":"","overlay-opacity":"","overlay-gradient":""},"tablet":{"background-color":"","background-image":"","background-repeat":"repeat","background-position":"center center","background-size":"auto","background-attachment":"scroll","background-type":"","background-media":"","overlay-type":"","overlay-color":"","overlay-opacity":"","overlay-gradient":""},"mobile":{"background-color":"","background-image":"","background-repeat":"repeat","background-position":"center center","background-size":"auto","background-attachment":"scroll","background-type":"","background-media":"","overlay-type":"","overlay-color":"","overlay-opacity":"","overlay-gradient":""}},"ast-content-background-meta":{"desktop":{"background-color":"var(--ast-global-color-5)","background-image":"","background-repeat":"repeat","background-position":"center center","background-size":"auto","background-attachment":"scroll","background-type":"","background-media":"","overlay-type":"","overlay-color":"","overlay-opacity":"","overlay-gradient":""},"tablet":{"background-color":"var(--ast-global-color-5)","background-image":"","background-repeat":"repeat","background-position":"center center","background-size":"auto","background-attachment":"scroll","background-type":"","background-media":"","overlay-type":"","overlay-color":"","overlay-opacity":"","overlay-gradient":""},"mobile":{"background-color":"var(--ast-global-color-5)","background-image":"","background-repeat":"repeat","background-position":"center center","background-size":"auto","background-attachment":"scroll","background-type":"","background-media":"","overlay-type":"","overlay-color":"","overlay-opacity":"","overlay-gradient":""}},"footnotes":""},"coauthors":[50,51,48,64],"yoast_head":"<!-- This site is optimized with the Yoast SEO plugin v21.8 - https:\/\/yoast.com\/wordpress\/plugins\/seo\/ -->\n<title>Redes del servicio de agua en alta - EMSHI<\/title>\n<meta name=\"robots\" content=\"index, follow, max-snippet:-1, max-image-preview:large, max-video-preview:-1\" \/>\n<link rel=\"canonical\" href=\"https:\/\/www.emshi.gob.es\/ca\/que-hacemos\/redes-del-servicio-de-agua-en-alta\/\" \/>\n<meta property=\"og:locale\" content=\"ca_ES\" \/>\n<meta property=\"og:type\" content=\"article\" \/>\n<meta property=\"og:title\" content=\"Redes del servicio de agua en alta - EMSHI\" \/>\n<meta property=\"og:description\" content=\"Redes del servicio de agua en alta M\u00e1s de 210 kil\u00f3metros de tuber\u00edas de di\u00e1metros de 200 a 1600 mm conforman el Sistema B\u00e1sico Metropolitano de distribuci\u00f3n. Mediante dichas conducciones se transporta el agua desde ETAPS a los municipios miembros de la EMSHI, contando cada municipio con uno o varios puntos de entrega a partir [&hellip;]\" \/>\n<meta property=\"og:url\" content=\"https:\/\/www.emshi.gob.es\/ca\/que-hacemos\/redes-del-servicio-de-agua-en-alta\/\" \/>\n<meta property=\"og:site_name\" content=\"EMSHI\" \/>\n<meta property=\"article:modified_time\" content=\"2023-06-05T06:49:00+00:00\" \/>\n<meta property=\"og:image\" content=\"https:\/\/www.emshi.gob.es\/wp-content\/uploads\/2023\/01\/PLANO-ESQUEMA-EMSHI-2022-1.png\" \/>\n<meta name=\"twitter:card\" content=\"summary_large_image\" \/>\n<meta name=\"twitter:label1\" content=\"Temps estimat de lectura\" \/>\n\t<meta name=\"twitter:data1\" content=\"1 minut\" \/>\n\t<meta name=\"twitter:label2\" content=\"Written by\" \/>\n\t<meta name=\"twitter:data2\" content=\"Julio Berj\u00f3n Sarmiento, Rosa Baixaul\u00ed Sospedra, Cristina Mart\u00ednez Collado, TechScribeOdec\" \/>\n<script type=\"application\/ld+json\" class=\"yoast-schema-graph\">{\"@context\":\"https:\/\/schema.org\",\"@graph\":[{\"@type\":\"WebPage\",\"@id\":\"https:\/\/www.emshi.gob.es\/que-hacemos\/redes-del-servicio-de-agua-en-alta\/\",\"url\":\"https:\/\/www.emshi.gob.es\/que-hacemos\/redes-del-servicio-de-agua-en-alta\/\",\"name\":\"Redes del servicio de agua en alta - EMSHI\",\"isPartOf\":{\"@id\":\"https:\/\/www.emshi.gob.es\/#website\"},\"datePublished\":\"2022-12-28T12:21:38+00:00\",\"dateModified\":\"2023-06-05T06:49:00+00:00\",\"breadcrumb\":{\"@id\":\"https:\/\/www.emshi.gob.es\/que-hacemos\/redes-del-servicio-de-agua-en-alta\/#breadcrumb\"},\"inLanguage\":\"ca\",\"potentialAction\":[{\"@type\":\"ReadAction\",\"target\":[\"https:\/\/www.emshi.gob.es\/que-hacemos\/redes-del-servicio-de-agua-en-alta\/\"]}]},{\"@type\":\"BreadcrumbList\",\"@id\":\"https:\/\/www.emshi.gob.es\/que-hacemos\/redes-del-servicio-de-agua-en-alta\/#breadcrumb\",\"itemListElement\":[{\"@type\":\"ListItem\",\"position\":1,\"name\":\"Home\",\"item\":\"https:\/\/www.emshi.gob.es\/\"},{\"@type\":\"ListItem\",\"position\":2,\"name\":\"Qu\u00e9 hacemos\",\"item\":\"https:\/\/www.emshi.gob.es\/que-hacemos\/\"},{\"@type\":\"ListItem\",\"position\":3,\"name\":\"Redes del servicio de agua en alta\"}]},{\"@type\":\"WebSite\",\"@id\":\"https:\/\/www.emshi.gob.es\/#website\",\"url\":\"https:\/\/www.emshi.gob.es\/\",\"name\":\"EMSHI\",\"description\":\"\",\"publisher\":{\"@id\":\"https:\/\/www.emshi.gob.es\/#organization\"},\"potentialAction\":[{\"@type\":\"SearchAction\",\"target\":{\"@type\":\"EntryPoint\",\"urlTemplate\":\"https:\/\/www.emshi.gob.es\/?s={search_term_string}\"},\"query-input\":\"required name=search_term_string\"}],\"inLanguage\":\"ca\"},{\"@type\":\"Organization\",\"@id\":\"https:\/\/www.emshi.gob.es\/#organization\",\"name\":\"EMSHI\",\"url\":\"https:\/\/www.emshi.gob.es\/\",\"logo\":{\"@type\":\"ImageObject\",\"inLanguage\":\"ca\",\"@id\":\"https:\/\/www.emshi.gob.es\/#\/schema\/logo\/image\/\",\"url\":\"https:\/\/www.emshi.gob.es\/wp-content\/uploads\/2022\/11\/cropped-EMSHI_VersionEspecial_RGB_CAS.png\",\"contentUrl\":\"https:\/\/www.emshi.gob.es\/wp-content\/uploads\/2022\/11\/cropped-EMSHI_VersionEspecial_RGB_CAS.png\",\"width\":1966,\"height\":449,\"caption\":\"EMSHI\"},\"image\":{\"@id\":\"https:\/\/www.emshi.gob.es\/#\/schema\/logo\/image\/\"}}]}<\/script>\n<!-- \/ Yoast SEO plugin. -->","yoast_head_json":{"title":"Redes del servicio de agua en alta - EMSHI","robots":{"index":"index","follow":"follow","max-snippet":"max-snippet:-1","max-image-preview":"max-image-preview:large","max-video-preview":"max-video-preview:-1"},"canonical":"https:\/\/www.emshi.gob.es\/ca\/que-hacemos\/redes-del-servicio-de-agua-en-alta\/","og_locale":"ca_ES","og_type":"article","og_title":"Redes del servicio de agua en alta - EMSHI","og_description":"Redes del servicio de agua en alta M\u00e1s de 210 kil\u00f3metros de tuber\u00edas de di\u00e1metros de 200 a 1600 mm conforman el Sistema B\u00e1sico Metropolitano de distribuci\u00f3n. Mediante dichas conducciones se transporta el agua desde ETAPS a los municipios miembros de la EMSHI, contando cada municipio con uno o varios puntos de entrega a partir [&hellip;]","og_url":"https:\/\/www.emshi.gob.es\/ca\/que-hacemos\/redes-del-servicio-de-agua-en-alta\/","og_site_name":"EMSHI","article_modified_time":"2023-06-05T06:49:00+00:00","og_image":[{"url":"https:\/\/www.emshi.gob.es\/wp-content\/uploads\/2023\/01\/PLANO-ESQUEMA-EMSHI-2022-1.png"}],"twitter_card":"summary_large_image","twitter_misc":{"Temps estimat de lectura":"1 minut","Written by":"Julio Berj\u00f3n Sarmiento, Rosa Baixaul\u00ed Sospedra, Cristina Mart\u00ednez Collado, TechScribeOdec"},"schema":{"@context":"https:\/\/schema.org","@graph":[{"@type":"WebPage","@id":"https:\/\/www.emshi.gob.es\/que-hacemos\/redes-del-servicio-de-agua-en-alta\/","url":"https:\/\/www.emshi.gob.es\/que-hacemos\/redes-del-servicio-de-agua-en-alta\/","name":"Redes del servicio de agua en alta - EMSHI","isPartOf":{"@id":"https:\/\/www.emshi.gob.es\/#website"},"datePublished":"2022-12-28T12:21:38+00:00","dateModified":"2023-06-05T06:49:00+00:00","breadcrumb":{"@id":"https:\/\/www.emshi.gob.es\/que-hacemos\/redes-del-servicio-de-agua-en-alta\/#breadcrumb"},"inLanguage":"ca","potentialAction":[{"@type":"ReadAction","target":["https:\/\/www.emshi.gob.es\/que-hacemos\/redes-del-servicio-de-agua-en-alta\/"]}]},{"@type":"BreadcrumbList","@id":"https:\/\/www.emshi.gob.es\/que-hacemos\/redes-del-servicio-de-agua-en-alta\/#breadcrumb","itemListElement":[{"@type":"ListItem","position":1,"name":"Home","item":"https:\/\/www.emshi.gob.es\/"},{"@type":"ListItem","position":2,"name":"Qu\u00e9 hacemos","item":"https:\/\/www.emshi.gob.es\/que-hacemos\/"},{"@type":"ListItem","position":3,"name":"Redes del servicio de agua en alta"}]},{"@type":"WebSite","@id":"https:\/\/www.emshi.gob.es\/#website","url":"https:\/\/www.emshi.gob.es\/","name":"L'EMSHI","description":"","publisher":{"@id":"https:\/\/www.emshi.gob.es\/#organization"},"potentialAction":[{"@type":"SearchAction","target":{"@type":"EntryPoint","urlTemplate":"https:\/\/www.emshi.gob.es\/?s={search_term_string}"},"query-input":"required name=search_term_string"}],"inLanguage":"ca"},{"@type":"Organization","@id":"https:\/\/www.emshi.gob.es\/#organization","name":"L'EMSHI","url":"https:\/\/www.emshi.gob.es\/","logo":{"@type":"ImageObject","inLanguage":"ca","@id":"https:\/\/www.emshi.gob.es\/#\/schema\/logo\/image\/","url":"https:\/\/www.emshi.gob.es\/wp-content\/uploads\/2022\/11\/cropped-EMSHI_VersionEspecial_RGB_CAS.png","contentUrl":"https:\/\/www.emshi.gob.es\/wp-content\/uploads\/2022\/11\/cropped-EMSHI_VersionEspecial_RGB_CAS.png","width":1966,"height":449,"caption":"EMSHI"},"image":{"@id":"https:\/\/www.emshi.gob.es\/#\/schema\/logo\/image\/"}}]}},"_links":{"self":[{"href":"https:\/\/www.emshi.gob.es\/ca\/wp-json\/wp\/v2\/pages\/7670"}],"collection":[{"href":"https:\/\/www.emshi.gob.es\/ca\/wp-json\/wp\/v2\/pages"}],"about":[{"href":"https:\/\/www.emshi.gob.es\/ca\/wp-json\/wp\/v2\/types\/page"}],"author":[{"embeddable":true,"href":"https:\/\/www.emshi.gob.es\/ca\/wp-json\/wp\/v2\/users\/26"}],"replies":[{"embeddable":true,"href":"https:\/\/www.emshi.gob.es\/ca\/wp-json\/wp\/v2\/comments?post=7670"}],"version-history":[{"count":39,"href":"https:\/\/www.emshi.gob.es\/ca\/wp-json\/wp\/v2\/pages\/7670\/revisions"}],"predecessor-version":[{"id":10553,"href":"https:\/\/www.emshi.gob.es\/ca\/wp-json\/wp\/v2\/pages\/7670\/revisions\/10553"}],"up":[{"embeddable":true,"href":"https:\/\/www.emshi.gob.es\/ca\/wp-json\/wp\/v2\/pages\/7313"}],"wp:attachment":[{"href":"https:\/\/www.emshi.gob.es\/ca\/wp-json\/wp\/v2\/media?parent=7670"}],"wp:term":[{"taxonomy":"author","embeddable":true,"href":"https:\/\/www.emshi.gob.es\/ca\/wp-json\/wp\/v2\/coauthors?post=7670"}],"curies":[{"name":"wp","href":"https:\/\/api.w.org\/{rel}","templated":true}]}}